{"id":509,"date":"2025-07-23T15:08:02","date_gmt":"2025-07-23T13:08:02","guid":{"rendered":"https:\/\/event.donatonigroup.com\/d-wine\/"},"modified":"2025-07-31T15:34:50","modified_gmt":"2025-07-31T13:34:50","slug":"d-wine","status":"publish","type":"page","link":"https:\/\/event.donatonigroup.com\/de\/","title":{"rendered":"D-Wine"},"content":{"rendered":"<p>[et_pb_section fb_built=&#8220;1&#8243; _builder_version=&#8220;4.27.4&#8243; _module_preset=&#8220;default&#8220; background_image=&#8220;https:\/\/event.donatonigroup.com\/wp-content\/uploads\/2025\/07\/Homepage_Dwine_orizzontale.svg&#8220; height=&#8220;90vh&#8220; height_tablet=&#8220;70vh&#8220; height_phone=&#8220;60vh&#8220; height_last_edited=&#8220;on|phone&#8220; background_last_edited=&#8220;on|phone&#8220; background_image_tablet=&#8220;https:\/\/event.donatonigroup.com\/wp-content\/uploads\/2025\/07\/Homepage_Dwine_verticale.svg&#8220; background_enable_image_tablet=&#8220;on&#8220; global_colors_info=&#8220;{}&#8220;][\/et_pb_section][et_pb_section fb_built=&#8220;1&#8243; disabled_on=&#8220;off|off|off&#8220; _builder_version=&#8220;4.17.1&#8243; _module_preset=&#8220;default&#8220; background_color=&#8220;rgba(150,150,150,0.15)&#8220; global_colors_info=&#8220;{}&#8220;][et_pb_row custom_padding_last_edited=&#8220;on|phone&#8220; _builder_version=&#8220;4.27.4&#8243; _module_preset=&#8220;default&#8220; custom_padding_tablet=&#8220;&#8220; custom_padding_phone=&#8220;0px||3%||false|false&#8220; global_colors_info=&#8220;{}&#8220;][et_pb_column type=&#8220;4_4&#8243; _builder_version=&#8220;4.17.1&#8243; _module_preset=&#8220;default&#8220; global_colors_info=&#8220;{}&#8220;][et_pb_text _builder_version=&#8220;4.27.4&#8243; _module_preset=&#8220;default&#8220; header_font=&#8220;Donatoni Sana|||on|||||&#8220; header_text_color=&#8220;#70C2B4&#8243; header_font_size=&#8220;5em&#8220; hover_enabled=&#8220;0&#8243; header_font_size_tablet=&#8220;3.5em&#8220; header_font_size_phone=&#8220;2em&#8220; header_font_size_last_edited=&#8220;on|phone&#8220; header_line_height_tablet=&#8220;&#8220; header_line_height_phone=&#8220;1.1em&#8220; header_line_height_last_edited=&#8220;on|phone&#8220; global_colors_info=&#8220;{}&#8220; sticky_enabled=&#8220;0&#8243;]<\/p>\n<h1>D-wine<\/h1>\n<h1>A journey Through Italian taste<\/h1>\n<p>&nbsp;<\/p>\n<h1><\/h1>\n<h1>24 und 25 september 2025<\/h1>\n<p>[\/et_pb_text][\/et_pb_column][\/et_pb_row][et_pb_row custom_padding_last_edited=&#8220;on|tablet&#8220; _builder_version=&#8220;4.27.4&#8243; _module_preset=&#8220;default&#8220; custom_padding_tablet=&#8220;||0px||false|false&#8220; custom_padding_phone=&#8220;0px||0px||false|false&#8220; global_colors_info=&#8220;{}&#8220;][et_pb_column type=&#8220;4_4&#8243; _builder_version=&#8220;4.17.1&#8243; _module_preset=&#8220;default&#8220; global_colors_info=&#8220;{}&#8220;][et_pb_text _builder_version=&#8220;4.27.4&#8243; _module_preset=&#8220;default&#8220; text_font=&#8220;Noto Sans||||||||&#8220; text_text_color=&#8220;#000000&#8243; text_font_size=&#8220;20px&#8220; text_font_size_tablet=&#8220;20px&#8220; text_font_size_phone=&#8220;16px&#8220; text_font_size_last_edited=&#8220;on|phone&#8220; global_colors_info=&#8220;{}&#8220;]<\/p>\n<p>Ein einzigartiges Erlebnis \u2013 eine Reise durch die authentischen Aromen unserer Tradition.<\/p>\n<p>Ein Event, bei dem Wein und K\u00fcche im Mittelpunkt einer Feier voller Genuss stehen.<\/p>\n<p><strong>D-wine ist ein Fest des Geschmacks<\/strong>: eine gef\u00fchrte Verkostung ausgew\u00e4hlter Weing\u00fcter, begleitet von typischen italienischen Gerichten, untermalt mit Musik, Cocktails und viel Spa\u00df.<\/p>\n<p>Verpasse nicht die Gelegenheit, mit uns die Exzellenz unserer Region zu feiern!<\/p>\n<p>[\/et_pb_text][et_pb_text _builder_version=&#8220;4.27.4&#8243; _module_preset=&#8220;default&#8220; text_font=&#8220;Noto Sans||||||||&#8220; text_text_color=&#8220;#000000&#8243; text_font_size=&#8220;20px&#8220; text_font_size_tablet=&#8220;20px&#8220; text_font_size_phone=&#8220;16px&#8220; text_font_size_last_edited=&#8220;on|phone&#8220; global_colors_info=&#8220;{}&#8220;]<\/p>\n<p><strong>Ort: Donatoni Macchine Srl<\/strong><br \/>Via Napoleone 14, 37015<br \/>Sant\u2019Ambrogio di Valpolicella (VR)<\/p>\n<p>[\/et_pb_text][\/et_pb_column][\/et_pb_row][et_pb_row _builder_version=&#8220;4.17.1&#8243; _module_preset=&#8220;default&#8220; custom_margin=&#8220;3%||||false|false&#8220; custom_margin_tablet=&#8220;3%||||false|false&#8220; custom_margin_phone=&#8220;10%||12%||false|false&#8220; custom_margin_last_edited=&#8220;on|phone&#8220; custom_padding=&#8220;0px||0px||true|false&#8220; box_shadow_style=&#8220;preset2&#8243; box_shadow_spread=&#8220;15px&#8220; global_colors_info=&#8220;{}&#8220;][et_pb_column type=&#8220;4_4&#8243; _builder_version=&#8220;4.17.1&#8243; _module_preset=&#8220;default&#8220; global_colors_info=&#8220;{}&#8220;][et_pb_code raw_content_tablet=&#8220;<iframe src=%22https:\/\/www.google.com\/maps\/embed?pb=!1m18!1m12!1m3!1d2795.2834255460293!2d10.811640676999422!3d45.524501771075!2m3!1f0!2f0!3f0!3m2!1i1024!2i768!4f13.1!3m3!1m2!1s0x4781eff4d4d3064f%3A0xc1ffe21ed01be468!2sDonatoni%20Macchine!5e0!3m2!1sit!2sit!4v1753275806117!5m2!1sit!2sit%22 width=%22100%%22 height=%22450%22 style=%22border:0;%22 allowfullscreen=%22%22 loading=%22lazy%22 referrerpolicy=%22no-referrer-when-downgrade%22><\/iframe>&#8220; raw_content_phone=&#8220;<iframe src=%22https:\/\/www.google.com\/maps\/embed?pb=!1m18!1m12!1m3!1d2795.2834255460293!2d10.811640676999422!3d45.524501771075!2m3!1f0!2f0!3f0!3m2!1i1024!2i768!4f13.1!3m3!1m2!1s0x4781eff4d4d3064f%3A0xc1ffe21ed01be468!2sDonatoni%20Macchine!5e0!3m2!1sit!2sit!4v1753275806117!5m2!1sit!2sit%22 width=%22100%%22 height=%22350%22 style=%22border:0;%22 allowfullscreen=%22%22 loading=%22lazy%22 referrerpolicy=%22no-referrer-when-downgrade%22><\/iframe>&#8220; raw_content_last_edited=&#8220;on|phone&#8220; _builder_version=&#8220;4.17.1&#8243; _module_preset=&#8220;default&#8220; custom_margin_tablet=&#8220;&#8220; custom_margin_phone=&#8220;||||false|false&#8220; custom_margin_last_edited=&#8220;on|phone&#8220; global_colors_info=&#8220;{}&#8220;]<iframe src=\"https:\/\/www.google.com\/maps\/embed?pb=!1m18!1m12!1m3!1d2795.2834255460293!2d10.811640676999422!3d45.524501771075!2m3!1f0!2f0!3f0!3m2!1i1024!2i768!4f13.1!3m3!1m2!1s0x4781eff4d4d3064f%3A0xc1ffe21ed01be468!2sDonatoni%20Macchine!5e0!3m2!1sit!2sit!4v1753275806117!5m2!1sit!2sit\" width=\"100%\" height=\"550\" style=\"border:0;\" allowfullscreen=\"\" loading=\"lazy\" referrerpolicy=\"no-referrer-when-downgrade\"><\/iframe>[\/et_pb_code][\/et_pb_column][\/et_pb_row][et_pb_row custom_padding_last_edited=&#8220;on|phone&#8220; _builder_version=&#8220;4.27.4&#8243; _module_preset=&#8220;default&#8220; width_tablet=&#8220;80%&#8220; width_phone=&#8220;80%&#8220; width_last_edited=&#8220;on|tablet&#8220; module_alignment=&#8220;center&#8220; custom_margin=&#8220;1%||||false|false&#8220; custom_margin_tablet=&#8220;1%||||false|false&#8220; custom_margin_phone=&#8220;0%||||false|false&#8220; custom_margin_last_edited=&#8220;on|phone&#8220; custom_padding_tablet=&#8220;&#8220; custom_padding_phone=&#8220;0px||0px||true|false&#8220; global_colors_info=&#8220;{}&#8220;][et_pb_column type=&#8220;4_4&#8243; _builder_version=&#8220;4.17.1&#8243; _module_preset=&#8220;default&#8220; global_colors_info=&#8220;{}&#8220;][et_pb_button button_url=&#8220;@ET-DC@eyJkeW5hbWljIjp0cnVlLCJjb250ZW50IjoicG9zdF9saW5rX3VybF9wYWdlIiwic2V0dGluZ3MiOnsicG9zdF9pZCI6IjIzNiJ9fQ==@&#8220; button_text=&#8220;NEHMEN SIE AN UNSEREM ABEND TEIL&#8220; button_alignment=&#8220;center&#8220; _builder_version=&#8220;4.27.4&#8243; _dynamic_attributes=&#8220;button_url&#8220; _module_preset=&#8220;default&#8220; custom_button=&#8220;on&#8220; button_text_size=&#8220;2em&#8220; button_text_color=&#8220;#FFFFFF&#8220; button_bg_color=&#8220;#082161&#8243; button_border_color=&#8220;#70C2B4&#8243; button_border_radius=&#8220;0px&#8220; button_font=&#8220;Donatoni Sana|||on|||||&#8220; button_use_icon=&#8220;off&#8220; hover_transition_duration=&#8220;500ms&#8220; button_text_size_tablet=&#8220;1.8em&#8220; button_text_size_phone=&#8220;1.2em&#8220; button_text_size_last_edited=&#8220;on|tablet&#8220; box_shadow_style=&#8220;preset1&#8243; box_shadow_vertical=&#8220;0px&#8220; box_shadow_blur=&#8220;0px&#8220; box_shadow_spread=&#8220;7px&#8220; box_shadow_color=&#8220;RGBA(255,255,255,0)&#8220; box_shadow_spread_tablet=&#8220;7px&#8220; box_shadow_spread_phone=&#8220;7px&#8220; box_shadow_spread_last_edited=&#8220;on|desktop&#8220; box_shadow_color_last_edited=&#8220;off|desktop&#8220; global_colors_info=&#8220;{}&#8220; box_shadow_color__hover_enabled=&#8220;on|hover&#8220; box_shadow_color__hover=&#8220;#70C2B4&#8243; box_shadow_blur__hover_enabled=&#8220;on|hover&#8220; box_shadow_blur__hover=&#8220;20px&#8220; transform_styles__hover_enabled=&#8220;on|hover&#8220; transform_scale__hover_enabled=&#8220;on|hover&#8220; transform_translate__hover_enabled=&#8220;on|hover&#8220; transform_rotate__hover_enabled=&#8220;on|hover&#8220; transform_skew__hover_enabled=&#8220;on|hover&#8220; transform_origin__hover_enabled=&#8220;on|hover&#8220; transform_scale__hover=&#8220;105%|105%&#8220;][\/et_pb_button][\/et_pb_column][\/et_pb_row][\/et_pb_section][et_pb_section fb_built=&#8220;1&#8243; disabled_on=&#8220;off|off|off&#8220; module_id=&#8220;stone-tech&#8220; _builder_version=&#8220;4.27.4&#8243; _module_preset=&#8220;default&#8220; background_enable_color=&#8220;off&#8220; background_image=&#8220;https:\/\/event.donatonigroup.com\/wp-content\/uploads\/2025\/07\/Background_StoneTechDayTankyou.svg&#8220; background_blend=&#8220;multiply&#8220; global_colors_info=&#8220;{}&#8220;][et_pb_row custom_padding_last_edited=&#8220;on|phone&#8220; _builder_version=&#8220;4.27.4&#8243; _module_preset=&#8220;default&#8220; custom_padding_tablet=&#8220;&#8220; custom_padding_phone=&#8220;||0px||false|false&#8220; global_colors_info=&#8220;{}&#8220;][et_pb_column type=&#8220;4_4&#8243; _builder_version=&#8220;4.17.1&#8243; _module_preset=&#8220;default&#8220; global_colors_info=&#8220;{}&#8220;][et_pb_text _builder_version=&#8220;4.17.1&#8243; _module_preset=&#8220;default&#8220; header_2_font=&#8220;Donatoni Sana|||on|||||&#8220; header_2_text_color=&#8220;#FFFFFF&#8220; header_2_font_size=&#8220;6em&#8220; header_2_font_size_tablet=&#8220;6em&#8220; header_2_font_size_phone=&#8220;3.7em&#8220; header_2_font_size_last_edited=&#8220;on|phone&#8220; global_colors_info=&#8220;{}&#8220;]<\/p>\n<h2>d-wine<\/h2>\n<p>[\/et_pb_text][\/et_pb_column][\/et_pb_row][et_pb_row column_structure=&#8220;1_4,3_4&#8243; custom_padding_last_edited=&#8220;on|phone&#8220; _builder_version=&#8220;4.27.4&#8243; _module_preset=&#8220;default&#8220; custom_padding_tablet=&#8220;&#8220; custom_padding_phone=&#8220;3%||||false|false&#8220; global_colors_info=&#8220;{}&#8220;][et_pb_column type=&#8220;1_4&#8243; _builder_version=&#8220;4.17.1&#8243; _module_preset=&#8220;default&#8220; global_colors_info=&#8220;{}&#8220;][\/et_pb_column][et_pb_column type=&#8220;3_4&#8243; _builder_version=&#8220;4.17.1&#8243; _module_preset=&#8220;default&#8220; global_colors_info=&#8220;{}&#8220;][et_pb_blurb title=&#8220;24. und 25. September 2025&#8243; image=&#8220;https:\/\/event.donatonigroup.com\/wp-content\/uploads\/2025\/07\/diagonale-azzurra.webp&#8220; icon_placement=&#8220;left&#8220; content_max_width=&#8220;100%&#8220; image_icon_width_tablet=&#8220;&#8220; image_icon_width_phone=&#8220;21px&#8220; image_icon_width_last_edited=&#8220;on|phone&#8220; _builder_version=&#8220;4.27.4&#8243; _module_preset=&#8220;default&#8220; header_font=&#8220;Donatoni Sana||||||||&#8220; header_text_color=&#8220;#FFFFFF&#8220; header_font_size=&#8220;4em&#8220; child_filter_hue_rotate=&#8220;345deg&#8220; child_filter_saturate=&#8220;70%&#8220; child_filter_brightness=&#8220;135%&#8220; header_font_size_tablet=&#8220;4em&#8220; header_font_size_phone=&#8220;3em&#8220; header_font_size_last_edited=&#8220;on|phone&#8220; global_colors_info=&#8220;{}&#8220;][\/et_pb_blurb][et_pb_text _builder_version=&#8220;4.27.4&#8243; _module_preset=&#8220;default&#8220; text_font=&#8220;Noto Sans||||||||&#8220; text_text_color=&#8220;#FFFFFF&#8220; text_font_size=&#8220;20px&#8220; text_font_size_tablet=&#8220;20px&#8220; text_font_size_phone=&#8220;16px&#8220; text_font_size_last_edited=&#8220;on|phone&#8220; locked=&#8220;off&#8220; global_colors_info=&#8220;{}&#8220;]<\/p>\n<p data-start=\"758\" data-end=\"822\"><strong data-start=\"758\" data-end=\"822\">Die Abende von Dwine sind darauf ausgelegt zu \u00fcberraschen und zu begeistern:<\/strong><\/p>\n<ul data-start=\"823\" data-end=\"1176\">\n<li data-start=\"823\" data-end=\"893\">\n<p data-start=\"825\" data-end=\"893\"><strong data-start=\"825\" data-end=\"858\">Weinverkostung<\/strong> geleitet von erfahrenen Kellermeistern<\/p>\n<\/li>\n<li><strong data-start=\"1026\" data-end=\"1048\">Food-Bereich <\/strong>mit lokalen Spitzenprodukten<\/li>\n<li data-start=\"894\" data-end=\"957\">\n<p data-start=\"896\" data-end=\"957\"><strong data-start=\"896\" data-end=\"924\">Live-Musik und DJ-Set <\/strong>f\u00fcr die perfekte Stimmung<\/p>\n<\/li>\n<li data-start=\"958\" data-end=\"1023\">\n<p data-start=\"960\" data-end=\"1023\"><strong data-start=\"960\" data-end=\"981\">Signature-Cocktails <\/strong>zum Entspannen in guter Gesellschaft<\/p>\n<\/li>\n<\/ul>\n<p>Eine einmalige Gelegenheit, neue Weinetiketten zu entdecken, die Produzenten kennenzulernen, sich von Experten leiten zu lassen und das Beste der italienischen Wein- und Esskultur zu genie\u00dfen.<\/p>\n<p>[\/et_pb_text][\/et_pb_column][\/et_pb_row][et_pb_row _builder_version=&#8220;4.17.1&#8243; _module_preset=&#8220;default&#8220; global_colors_info=&#8220;{}&#8220;][et_pb_column type=&#8220;4_4&#8243; _builder_version=&#8220;4.17.1&#8243; _module_preset=&#8220;default&#8220; global_colors_info=&#8220;{}&#8220;][et_pb_button button_url=&#8220;@ET-DC@eyJkeW5hbWljIjp0cnVlLCJjb250ZW50IjoicG9zdF9saW5rX3VybF9wYWdlIiwic2V0dGluZ3MiOnsicG9zdF9pZCI6IjIzNiJ9fQ==@&#8220; button_text=&#8220;NEHMEN SIE AN UNSEREM ABEND TEIL&#8220; button_alignment=&#8220;center&#8220; _builder_version=&#8220;4.27.4&#8243; _dynamic_attributes=&#8220;button_url&#8220; _module_preset=&#8220;default&#8220; custom_button=&#8220;on&#8220; button_text_size=&#8220;2em&#8220; button_text_color=&#8220;#FFFFFF&#8220; button_bg_color=&#8220;#101F46&#8243; button_border_color=&#8220;#70C2B4&#8243; button_border_radius=&#8220;0px&#8220; button_font=&#8220;Donatoni Sana|||on|||||&#8220; button_use_icon=&#8220;off&#8220; hover_transition_duration=&#8220;500ms&#8220; button_text_size_tablet=&#8220;2em&#8220; button_text_size_phone=&#8220;1.5em&#8220; button_text_size_last_edited=&#8220;on|phone&#8220; box_shadow_style=&#8220;preset1&#8243; box_shadow_vertical=&#8220;0px&#8220; box_shadow_blur=&#8220;0px&#8220; box_shadow_spread=&#8220;7px&#8220; box_shadow_color=&#8220;RGBA(255,255,255,0)&#8220; box_shadow_spread_tablet=&#8220;7px&#8220; box_shadow_spread_phone=&#8220;7px&#8220; box_shadow_spread_last_edited=&#8220;on|desktop&#8220; box_shadow_color_last_edited=&#8220;off|desktop&#8220; locked=&#8220;off&#8220; global_colors_info=&#8220;{}&#8220; box_shadow_color__hover_enabled=&#8220;on|hover&#8220; box_shadow_color__hover=&#8220;#70C2B4&#8243; box_shadow_blur__hover_enabled=&#8220;on|hover&#8220; box_shadow_blur__hover=&#8220;20px&#8220; transform_styles__hover_enabled=&#8220;on|hover&#8220; transform_scale__hover_enabled=&#8220;on|hover&#8220; transform_translate__hover_enabled=&#8220;on|hover&#8220; transform_rotate__hover_enabled=&#8220;on|hover&#8220; transform_skew__hover_enabled=&#8220;on|hover&#8220; transform_origin__hover_enabled=&#8220;on|hover&#8220; transform_scale__hover=&#8220;105%|105%&#8220;][\/et_pb_button][\/et_pb_column][\/et_pb_row][\/et_pb_section]<\/p>\n","protected":false},"excerpt":{"rendered":"<p>D-wine A journey Through Italian taste &nbsp; 24 und 25 september 2025Ein einzigartiges Erlebnis \u2013 eine Reise durch die authentischen Aromen unserer Tradition. Ein Event, bei dem Wein und K\u00fcche im Mittelpunkt einer Feier voller Genuss stehen. D-wine ist ein Fest des Geschmacks: eine gef\u00fchrte Verkostung ausgew\u00e4hlter Weing\u00fcter, begleitet von typischen italienischen Gerichten, untermalt mit [&hellip;]<\/p>\n","protected":false},"author":1,"featured_media":0,"parent":0,"menu_order":0,"comment_status":"closed","ping_status":"closed","template":"","meta":{"_et_pb_use_builder":"on","_et_pb_old_content":"","_et_gb_content_width":"","footnotes":""},"class_list":["post-509","page","type-page","status-publish","hentry"],"yoast_head":"<!-- This site is optimized with the Yoast SEO plugin v25.5 - https:\/\/yoast.com\/wordpress\/plugins\/seo\/ -->\n<title>D-Wine - Donatoni Group Event<\/title>\n<meta name=\"robots\" content=\"index, follow, max-snippet:-1, max-image-preview:large, max-video-preview:-1\" \/>\n<link rel=\"canonical\" href=\"https:\/\/event.donatonigroup.com\/de\/\" \/>\n<meta property=\"og:locale\" content=\"de_DE\" \/>\n<meta property=\"og:type\" content=\"article\" \/>\n<meta property=\"og:title\" content=\"D-Wine - Donatoni Group Event\" \/>\n<meta property=\"og:description\" content=\"D-wine A journey Through Italian taste &nbsp; 24 und 25 september 2025Ein einzigartiges Erlebnis \u2013 eine Reise durch die authentischen Aromen unserer Tradition. Ein Event, bei dem Wein und K\u00fcche im Mittelpunkt einer Feier voller Genuss stehen. D-wine ist ein Fest des Geschmacks: eine gef\u00fchrte Verkostung ausgew\u00e4hlter Weing\u00fcter, begleitet von typischen italienischen Gerichten, untermalt mit [&hellip;]\" \/>\n<meta property=\"og:url\" content=\"https:\/\/event.donatonigroup.com\/de\/\" \/>\n<meta property=\"og:site_name\" content=\"Donatoni Group Event\" \/>\n<meta property=\"article:modified_time\" content=\"2025-07-31T13:34:50+00:00\" \/>\n<meta name=\"twitter:card\" content=\"summary_large_image\" \/>\n<meta name=\"twitter:label1\" content=\"Gesch\u00e4tzte Lesezeit\" \/>\n\t<meta name=\"twitter:data1\" content=\"2\u00a0Minuten\" \/>\n<script type=\"application\/ld+json\" class=\"yoast-schema-graph\">{\"@context\":\"https:\/\/schema.org\",\"@graph\":[{\"@type\":\"WebPage\",\"@id\":\"https:\/\/event.donatonigroup.com\/de\/\",\"url\":\"https:\/\/event.donatonigroup.com\/de\/\",\"name\":\"D-Wine - Donatoni Group Event\",\"isPartOf\":{\"@id\":\"https:\/\/event.donatonigroup.com\/de\/#website\"},\"datePublished\":\"2025-07-23T13:08:02+00:00\",\"dateModified\":\"2025-07-31T13:34:50+00:00\",\"breadcrumb\":{\"@id\":\"https:\/\/event.donatonigroup.com\/de\/#breadcrumb\"},\"inLanguage\":\"de\",\"potentialAction\":[{\"@type\":\"ReadAction\",\"target\":[\"https:\/\/event.donatonigroup.com\/de\/\"]}]},{\"@type\":\"BreadcrumbList\",\"@id\":\"https:\/\/event.donatonigroup.com\/de\/#breadcrumb\",\"itemListElement\":[{\"@type\":\"ListItem\",\"position\":1,\"name\":\"Home\",\"item\":\"https:\/\/event.donatonigroup.com\/de\/\"},{\"@type\":\"ListItem\",\"position\":2,\"name\":\"D-Wine\"}]},{\"@type\":\"WebSite\",\"@id\":\"https:\/\/event.donatonigroup.com\/de\/#website\",\"url\":\"https:\/\/event.donatonigroup.com\/de\/\",\"name\":\"Donatoni Group Event\",\"description\":\"\",\"potentialAction\":[{\"@type\":\"SearchAction\",\"target\":{\"@type\":\"EntryPoint\",\"urlTemplate\":\"https:\/\/event.donatonigroup.com\/de\/?s={search_term_string}\"},\"query-input\":{\"@type\":\"PropertyValueSpecification\",\"valueRequired\":true,\"valueName\":\"search_term_string\"}}],\"inLanguage\":\"de\"}]}<\/script>\n<!-- \/ Yoast SEO plugin. -->","yoast_head_json":{"title":"D-Wine - Donatoni Group Event","robots":{"index":"index","follow":"follow","max-snippet":"max-snippet:-1","max-image-preview":"max-image-preview:large","max-video-preview":"max-video-preview:-1"},"canonical":"https:\/\/event.donatonigroup.com\/de\/","og_locale":"de_DE","og_type":"article","og_title":"D-Wine - Donatoni Group Event","og_description":"D-wine A journey Through Italian taste &nbsp; 24 und 25 september 2025Ein einzigartiges Erlebnis \u2013 eine Reise durch die authentischen Aromen unserer Tradition. Ein Event, bei dem Wein und K\u00fcche im Mittelpunkt einer Feier voller Genuss stehen. D-wine ist ein Fest des Geschmacks: eine gef\u00fchrte Verkostung ausgew\u00e4hlter Weing\u00fcter, begleitet von typischen italienischen Gerichten, untermalt mit [&hellip;]","og_url":"https:\/\/event.donatonigroup.com\/de\/","og_site_name":"Donatoni Group Event","article_modified_time":"2025-07-31T13:34:50+00:00","twitter_card":"summary_large_image","twitter_misc":{"Gesch\u00e4tzte Lesezeit":"2\u00a0Minuten"},"schema":{"@context":"https:\/\/schema.org","@graph":[{"@type":"WebPage","@id":"https:\/\/event.donatonigroup.com\/de\/","url":"https:\/\/event.donatonigroup.com\/de\/","name":"D-Wine - Donatoni Group Event","isPartOf":{"@id":"https:\/\/event.donatonigroup.com\/de\/#website"},"datePublished":"2025-07-23T13:08:02+00:00","dateModified":"2025-07-31T13:34:50+00:00","breadcrumb":{"@id":"https:\/\/event.donatonigroup.com\/de\/#breadcrumb"},"inLanguage":"de","potentialAction":[{"@type":"ReadAction","target":["https:\/\/event.donatonigroup.com\/de\/"]}]},{"@type":"BreadcrumbList","@id":"https:\/\/event.donatonigroup.com\/de\/#breadcrumb","itemListElement":[{"@type":"ListItem","position":1,"name":"Home","item":"https:\/\/event.donatonigroup.com\/de\/"},{"@type":"ListItem","position":2,"name":"D-Wine"}]},{"@type":"WebSite","@id":"https:\/\/event.donatonigroup.com\/de\/#website","url":"https:\/\/event.donatonigroup.com\/de\/","name":"Donatoni Group Event","description":"","potentialAction":[{"@type":"SearchAction","target":{"@type":"EntryPoint","urlTemplate":"https:\/\/event.donatonigroup.com\/de\/?s={search_term_string}"},"query-input":{"@type":"PropertyValueSpecification","valueRequired":true,"valueName":"search_term_string"}}],"inLanguage":"de"}]}},"_links":{"self":[{"href":"https:\/\/event.donatonigroup.com\/de\/wp-json\/wp\/v2\/pages\/509","targetHints":{"allow":["GET"]}}],"collection":[{"href":"https:\/\/event.donatonigroup.com\/de\/wp-json\/wp\/v2\/pages"}],"about":[{"href":"https:\/\/event.donatonigroup.com\/de\/wp-json\/wp\/v2\/types\/page"}],"author":[{"embeddable":true,"href":"https:\/\/event.donatonigroup.com\/de\/wp-json\/wp\/v2\/users\/1"}],"replies":[{"embeddable":true,"href":"https:\/\/event.donatonigroup.com\/de\/wp-json\/wp\/v2\/comments?post=509"}],"version-history":[{"count":11,"href":"https:\/\/event.donatonigroup.com\/de\/wp-json\/wp\/v2\/pages\/509\/revisions"}],"predecessor-version":[{"id":724,"href":"https:\/\/event.donatonigroup.com\/de\/wp-json\/wp\/v2\/pages\/509\/revisions\/724"}],"wp:attachment":[{"href":"https:\/\/event.donatonigroup.com\/de\/wp-json\/wp\/v2\/media?parent=509"}],"curies":[{"name":"wp","href":"https:\/\/api.w.org\/{rel}","templated":true}]}}