{"id":176,"date":"2022-08-29T12:16:38","date_gmt":"2022-08-29T10:16:38","guid":{"rendered":"https:\/\/event.donatonigroup.com\/evento\/"},"modified":"2025-06-03T10:36:42","modified_gmt":"2025-06-03T08:36:42","slug":"event","status":"publish","type":"page","link":"https:\/\/event.donatonigroup.com\/en\/event\/","title":{"rendered":"Event-2025"},"content":{"rendered":"<p>[et_pb_section fb_built=&#8221;1&#8243; _builder_version=&#8221;4.17.1&#8243; _module_preset=&#8221;default&#8221; background_color=&#8221;#082161&#8243; background_image=&#8221;https:\/\/event.donatonigroup.com\/wp-content\/uploads\/2025\/06\/Sfondo-Donatoni-25.png&#8221; custom_margin=&#8221;||||false|false&#8221; custom_padding=&#8221;10%||10%||true|false&#8221; global_colors_info=&#8221;{}&#8221;][et_pb_row make_equal=&#8221;on&#8221; custom_padding_last_edited=&#8221;off|desktop&#8221; module_class=&#8221;l-switcher&#8221; _builder_version=&#8221;4.17.1&#8243; _module_preset=&#8221;default&#8221; background_color=&#8221;#FFFFFF&#8221; width=&#8221;100%&#8221; max_width=&#8221;65%&#8221; max_width_tablet=&#8221;90%&#8221; max_width_phone=&#8221;90%&#8221; max_width_last_edited=&#8221;on|phone&#8221; custom_margin=&#8221;||0px||false|false&#8221; custom_padding=&#8221;20px||0px||false|false&#8221; custom_padding_tablet=&#8221;5%||3%||false|false&#8221; custom_padding_phone=&#8221;10%|3%|10%|3%|true|true&#8221; box_shadow_style=&#8221;preset3&#8243; global_colors_info=&#8221;{}&#8221; custom_padding__hover_enabled=&#8221;off|desktop&#8221;][et_pb_column type=&#8221;4_4&#8243; _builder_version=&#8221;4.17.1&#8243; _module_preset=&#8221;default&#8221; global_colors_info=&#8221;{}&#8221;][et_pb_code _builder_version=&#8221;4.17.1&#8243; _module_preset=&#8221;default&#8221; global_colors_info=&#8221;{}&#8221;]\n<div class=\"wpml-ls-statics-shortcode_actions wpml-ls wpml-ls-legacy-list-horizontal\">\n\t<ul><li class=\"wpml-ls-slot-shortcode_actions wpml-ls-item wpml-ls-item-it wpml-ls-first-item wpml-ls-item-legacy-list-horizontal\">\n\t\t\t\t<a href=\"https:\/\/event.donatonigroup.com\/\" class=\"wpml-ls-link\">\n                                                        <img decoding=\"async\"\n            class=\"wpml-ls-flag\"\n            src=\"https:\/\/event.donatonigroup.com\/wp-content\/plugins\/sitepress-multilingual-cms\/res\/flags\/it.png\"\n            alt=\"Italian\"\n            width=18\n            height=12\n    \/><\/a>\n\t\t\t<\/li><li class=\"wpml-ls-slot-shortcode_actions wpml-ls-item wpml-ls-item-en wpml-ls-current-language wpml-ls-item-legacy-list-horizontal\">\n\t\t\t\t<a href=\"https:\/\/event.donatonigroup.com\/en\/\" class=\"wpml-ls-link\">\n                                                        <img decoding=\"async\"\n            class=\"wpml-ls-flag\"\n            src=\"https:\/\/event.donatonigroup.com\/wp-content\/plugins\/sitepress-multilingual-cms\/res\/flags\/en.png\"\n            alt=\"English\"\n            width=18\n            height=12\n    \/><\/a>\n\t\t\t<\/li><li class=\"wpml-ls-slot-shortcode_actions wpml-ls-item wpml-ls-item-fr wpml-ls-item-legacy-list-horizontal\">\n\t\t\t\t<a href=\"https:\/\/event.donatonigroup.com\/fr\/\" class=\"wpml-ls-link\">\n                                                        <img decoding=\"async\"\n            class=\"wpml-ls-flag\"\n            src=\"https:\/\/event.donatonigroup.com\/wp-content\/plugins\/sitepress-multilingual-cms\/res\/flags\/fr.png\"\n            alt=\"French\"\n            width=18\n            height=12\n    \/><\/a>\n\t\t\t<\/li><li class=\"wpml-ls-slot-shortcode_actions wpml-ls-item wpml-ls-item-de wpml-ls-item-legacy-list-horizontal\">\n\t\t\t\t<a href=\"https:\/\/event.donatonigroup.com\/de\/\" class=\"wpml-ls-link\">\n                                                        <img decoding=\"async\"\n            class=\"wpml-ls-flag\"\n            src=\"https:\/\/event.donatonigroup.com\/wp-content\/plugins\/sitepress-multilingual-cms\/res\/flags\/de.png\"\n            alt=\"German\"\n            width=18\n            height=12\n    \/><\/a>\n\t\t\t<\/li><li class=\"wpml-ls-slot-shortcode_actions wpml-ls-item wpml-ls-item-es wpml-ls-item-legacy-list-horizontal\">\n\t\t\t\t<a href=\"https:\/\/event.donatonigroup.com\/es\/\" class=\"wpml-ls-link\">\n                                                        <img decoding=\"async\"\n            class=\"wpml-ls-flag\"\n            src=\"https:\/\/event.donatonigroup.com\/wp-content\/plugins\/sitepress-multilingual-cms\/res\/flags\/es.png\"\n            alt=\"Spanish\"\n            width=18\n            height=12\n    \/><\/a>\n\t\t\t<\/li><li class=\"wpml-ls-slot-shortcode_actions wpml-ls-item wpml-ls-item-pt-pt wpml-ls-last-item wpml-ls-item-legacy-list-horizontal\">\n\t\t\t\t<a href=\"https:\/\/event.donatonigroup.com\/pt-pt\/\" class=\"wpml-ls-link\">\n                                                        <img decoding=\"async\"\n            class=\"wpml-ls-flag\"\n            src=\"https:\/\/event.donatonigroup.com\/wp-content\/plugins\/sitepress-multilingual-cms\/res\/flags\/pt-pt.png\"\n            alt=\"Portuguese (Portugal)\"\n            width=18\n            height=12\n    \/><\/a>\n\t\t\t<\/li><\/ul>\n<\/div>\n[\/et_pb_code][\/et_pb_column][\/et_pb_row][et_pb_row column_structure=&#8221;2_5,3_5&#8243; make_equal=&#8221;on&#8221; custom_padding_last_edited=&#8221;on|phone&#8221; _builder_version=&#8221;4.17.1&#8243; _module_preset=&#8221;default&#8221; background_color=&#8221;#FFFFFF&#8221; width=&#8221;100%&#8221; max_width=&#8221;65%&#8221; max_width_tablet=&#8221;90%&#8221; max_width_phone=&#8221;90%&#8221; max_width_last_edited=&#8221;on|phone&#8221; custom_padding=&#8221;2%||2%||true|false&#8221; custom_padding_tablet=&#8221;5%||3%||false|false&#8221; custom_padding_phone=&#8221;10%|3%|10%|3%|true|true&#8221; box_shadow_style=&#8221;preset3&#8243; global_colors_info=&#8221;{}&#8221;][et_pb_column type=&#8221;2_5&#8243; _builder_version=&#8221;4.17.1&#8243; _module_preset=&#8221;default&#8221; custom_padding=&#8221;|3%||3%|true|true&#8221; global_colors_info=&#8221;{}&#8221;][et_pb_image src=&#8221;https:\/\/event.donatonigroup.com\/wp-content\/uploads\/2024\/07\/titolo_per_evento.png&#8221; title_text=&#8221;titolo_per_evento&#8221; _builder_version=&#8221;4.17.1&#8243; _module_preset=&#8221;default&#8221; global_colors_info=&#8221;{}&#8221;][\/et_pb_image][et_pb_text _builder_version=&#8221;4.17.1&#8243; _module_preset=&#8221;default&#8221; text_font=&#8221;Noto Sans||||||||&#8221; text_text_color=&#8221;#182026&#8243; text_font_size=&#8221;16px&#8221; header_4_font=&#8221;Noto Sans||||||||&#8221; header_4_text_color=&#8221;#082161&#8243; header_4_font_size=&#8221;26px&#8221; custom_margin=&#8221;||2%||false|false&#8221; global_colors_info=&#8221;{}&#8221;]<\/p>\n<h4>24 and 25 September 2025<\/h4>\n<p>[\/et_pb_text][et_pb_text _builder_version=&#8221;4.17.1&#8243; _module_preset=&#8221;default&#8221; text_font=&#8221;Noto Sans||||||||&#8221; text_text_color=&#8221;#182026&#8243; text_font_size=&#8221;16px&#8221; header_4_font=&#8221;Noto Sans||||||||&#8221; header_4_text_color=&#8221;#082161&#8243; header_4_font_size=&#8221;26px&#8221; global_colors_info=&#8221;{}&#8221;]<\/p>\n<p><strong>Donatoni Group <\/strong>is pleased to invite you to the annual <strong>Stone Tech Night,<\/strong> an exclusive event dedicated to our best customers and collaborators to spend a pleasant evening together with good food and fun.<\/p>\n<p>[\/et_pb_text][et_pb_image src=&#8221;https:\/\/event.donatonigroup.com\/wp-content\/uploads\/2022\/08\/donatoni-logo-blue.svg&#8221; title_text=&#8221;donatoni-logo-blue&#8221; _builder_version=&#8221;4.17.1&#8243; _module_preset=&#8221;default&#8221; custom_margin=&#8221;15%||||false|false&#8221; global_colors_info=&#8221;{}&#8221;][\/et_pb_image][et_pb_text _builder_version=&#8221;4.17.1&#8243; _module_preset=&#8221;default&#8221; text_font=&#8221;Noto Sans||||||||&#8221; text_text_color=&#8221;#182026&#8243; text_font_size=&#8221;16px&#8221; header_4_font=&#8221;Noto Sans||||||||&#8221; header_4_text_color=&#8221;#082161&#8243; header_4_font_size=&#8221;26px&#8221; global_colors_info=&#8221;{}&#8221;]<\/p>\n<p>c\/o Donatoni Macchine HQ<br \/>Via Napoleone, 14 \u2013 37015<br \/>Sant\u2019Ambrogio di Valpolicella (VR) ITALY<\/p>\n<p>[\/et_pb_text][\/et_pb_column][et_pb_column type=&#8221;3_5&#8243; _builder_version=&#8221;4.17.1&#8243; _module_preset=&#8221;default&#8221; custom_padding=&#8221;|3%||3%|true|true&#8221; global_colors_info=&#8221;{}&#8221;][dvppl_cf7_styler button_alignment=&#8221;right&#8221; cf7=&#8221;229&#8243; form_background_color=&#8221;#ffffff&#8221; cr_custom_styles=&#8221;on&#8221; cr_selected_color=&#8221;#5bfaca&#8221; _builder_version=&#8221;4.17.1&#8243; _module_preset=&#8221;default&#8221; form_field_font_font=&#8221;Noto Sans||||||||&#8221; form_field_font_text_color=&#8221;#000000&#8243; form_field_font_font_size=&#8221;16px&#8221; labels_font=&#8221;Noto Sans||||||||&#8221; labels_text_color=&#8221;#000000&#8243; labels_font_size=&#8221;16px&#8221; placeholder_font=&#8221;Noto Sans||||||||&#8221; placeholder_text_color=&#8221;#9d9d9d&#8221; placeholder_font_size=&#8221;16px&#8221; custom_submit_button=&#8221;on&#8221; submit_button_text_color=&#8221;#082161&#8243; submit_button_bg_color=&#8221;#5bfaca&#8221; submit_button_border_width=&#8221;2px&#8221; submit_button_border_color=&#8221;#5bfaca&#8221; submit_button_border_radius=&#8221;21px&#8221; submit_button_font=&#8221;Donatoni Sana|||on|||||&#8221; submit_button_custom_margin=&#8221;||||false|false&#8221; submit_button_custom_padding=&#8221;12px|5%|10px|5%|false|true&#8221; hover_transition_duration=&#8221;500ms&#8221; hover_transition_speed_curve=&#8221;linear&#8221; hover_enabled=&#8221;0&#8243; border_color_top_field=&#8221;RGBA(255,255,255,0)&#8221; border_color_right_field=&#8221;RGBA(255,255,255,0)&#8221; border_width_bottom_field=&#8221;1px&#8221; border_color_bottom_field=&#8221;#082161&#8243; border_color_left_field=&#8221;RGBA(255,255,255,0)&#8221; global_colors_info=&#8221;{}&#8221; submit_button_bg_color__hover_enabled=&#8221;on|hover&#8221; submit_button_bg_color__hover=&#8221;RGBA(255,255,255,0)&#8221; submit_button_bg_enable_color__hover=&#8221;on&#8221; submit_button_border_color__hover_enabled=&#8221;on|hover&#8221; submit_button_border_color__hover=&#8221;#082161&#8243; sticky_enabled=&#8221;0&#8243;][\/dvppl_cf7_styler][\/et_pb_column][\/et_pb_row][\/et_pb_section]<\/p>\n","protected":false},"excerpt":{"rendered":"<p>\n<div class=\"wpml-ls-statics-shortcode_actions wpml-ls wpml-ls-legacy-list-horizontal\">\n\t<ul><li class=\"wpml-ls-slot-shortcode_actions wpml-ls-item wpml-ls-item-it wpml-ls-first-item wpml-ls-item-legacy-list-horizontal\">\n\t\t\t\t<a href=\"https:\/\/event.donatonigroup.com\/\" class=\"wpml-ls-link\">\n                                                        <img decoding=\"async\"\n            class=\"wpml-ls-flag\"\n            src=\"https:\/\/event.donatonigroup.com\/wp-content\/plugins\/sitepress-multilingual-cms\/res\/flags\/it.png\"\n            alt=\"Italian\"\n            width=18\n            height=12\n    \/><\/a>\n\t\t\t<\/li><li class=\"wpml-ls-slot-shortcode_actions wpml-ls-item wpml-ls-item-en wpml-ls-current-language wpml-ls-item-legacy-list-horizontal\">\n\t\t\t\t<a href=\"https:\/\/event.donatonigroup.com\/en\/\" class=\"wpml-ls-link\">\n                                                        <img decoding=\"async\"\n            class=\"wpml-ls-flag\"\n            src=\"https:\/\/event.donatonigroup.com\/wp-content\/plugins\/sitepress-multilingual-cms\/res\/flags\/en.png\"\n            alt=\"English\"\n            width=18\n            height=12\n    \/><\/a>\n\t\t\t<\/li><li class=\"wpml-ls-slot-shortcode_actions wpml-ls-item wpml-ls-item-fr wpml-ls-item-legacy-list-horizontal\">\n\t\t\t\t<a href=\"https:\/\/event.donatonigroup.com\/fr\/\" class=\"wpml-ls-link\">\n                                                        <img decoding=\"async\"\n            class=\"wpml-ls-flag\"\n            src=\"https:\/\/event.donatonigroup.com\/wp-content\/plugins\/sitepress-multilingual-cms\/res\/flags\/fr.png\"\n            alt=\"French\"\n            width=18\n            height=12\n    \/><\/a>\n\t\t\t<\/li><li class=\"wpml-ls-slot-shortcode_actions wpml-ls-item wpml-ls-item-de wpml-ls-item-legacy-list-horizontal\">\n\t\t\t\t<a href=\"https:\/\/event.donatonigroup.com\/de\/\" class=\"wpml-ls-link\">\n                                                        <img decoding=\"async\"\n            class=\"wpml-ls-flag\"\n            src=\"https:\/\/event.donatonigroup.com\/wp-content\/plugins\/sitepress-multilingual-cms\/res\/flags\/de.png\"\n            alt=\"German\"\n            width=18\n            height=12\n    \/><\/a>\n\t\t\t<\/li><li class=\"wpml-ls-slot-shortcode_actions wpml-ls-item wpml-ls-item-es wpml-ls-item-legacy-list-horizontal\">\n\t\t\t\t<a href=\"https:\/\/event.donatonigroup.com\/es\/\" class=\"wpml-ls-link\">\n                                                        <img decoding=\"async\"\n            class=\"wpml-ls-flag\"\n            src=\"https:\/\/event.donatonigroup.com\/wp-content\/plugins\/sitepress-multilingual-cms\/res\/flags\/es.png\"\n            alt=\"Spanish\"\n            width=18\n            height=12\n    \/><\/a>\n\t\t\t<\/li><li class=\"wpml-ls-slot-shortcode_actions wpml-ls-item wpml-ls-item-pt-pt wpml-ls-last-item wpml-ls-item-legacy-list-horizontal\">\n\t\t\t\t<a href=\"https:\/\/event.donatonigroup.com\/pt-pt\/\" class=\"wpml-ls-link\">\n                                                        <img decoding=\"async\"\n            class=\"wpml-ls-flag\"\n            src=\"https:\/\/event.donatonigroup.com\/wp-content\/plugins\/sitepress-multilingual-cms\/res\/flags\/pt-pt.png\"\n            alt=\"Portuguese (Portugal)\"\n            width=18\n            height=12\n    \/><\/a>\n\t\t\t<\/li><\/ul>\n<\/div>\n24 and 25 September 2025Donatoni Group is pleased to invite you to the annual Stone Tech Night, an exclusive event dedicated to our best customers and collaborators to spend a pleasant evening together with good food and fun.c\/o Donatoni Macchine HQVia Napoleone, 14 \u2013 37015Sant\u2019Ambrogio di Valpolicella (VR) ITALY<div class=\"et_pb_module dvppl_cf7_styler dvppl_cf7_styler_0\">\n\t\t\t\t\n\t\t\t\t\n\t\t\t\t\n\t\t\t\t\n\t\t\t\t\n\t\t\t\t\n\t\t\t\t<div class=\"et_pb_module_inner\">\n\t\t\t\t\t<div class=\"dipe-cf7-container dipe-cf7-button-&#8221;right&#8221;\">\n\t\t\t\t\n\t\t\t\t<div class=\"dipe-cf7 dipe-cf7-styler \">\n\t\t\t\t\t<p class=\"wpcf7-contact-form-not-found\"><strong>Error:<\/strong> Contact form not found.<\/p>\n\t\t\t\t<\/div>\n\t\t\t<\/div>\n\t\t\t\t<\/div>\n\t\t\t<\/div><\/p>\n","protected":false},"author":1,"featured_media":0,"parent":0,"menu_order":0,"comment_status":"closed","ping_status":"closed","template":"","meta":{"_et_pb_use_builder":"on","_et_pb_old_content":"<!-- wp:paragraph -->\r\n<p>Questa \u00e8 una pagina di esempio. Differisce da un articolo di un blog perch\u00e9 rimane sempre allo stesso posto e (in molti temi) appare nel menu di navigazione. Molte persone iniziano con una pagina di Informazioni che li presentano ai visitatori del sito. Potrebbe apparire una presentazione del tipo:<\/p>\r\n<!-- \/wp:paragraph --><!-- wp:quote -->\r\n<blockquote class=\"wp-block-quote\">\r\n<p>Ciao! Sono un fattorino ciclista di giorno, aspirante attore di notte e questo \u00e8 il mio sito web. Vivo a Los Angeles, ho un grande cane di nome Jack e mi piace la pi\u00f1a colada. (E prendere la pioggia)<\/p>\r\n<\/blockquote>\r\n<!-- \/wp:quote --><!-- wp:paragraph -->\r\n<p>...o qualcosa di simile:<\/p>\r\n<!-- \/wp:paragraph --><!-- wp:quote -->\r\n<blockquote class=\"wp-block-quote\">\r\n<p>La Societ\u00e0 XYZ Aggeggi \u00e8 stata fondata nel 1971 e da allora fornisce al pubblico aggeggi di ottima qualit\u00e0. Situata a Fantasilandia, XYZ impiega oltre 2.000 persone e realizza ogni sorta di aggeggio fantastico per la comunit\u00e0 di Fantasilandia.<\/p>\r\n<\/blockquote>\r\n<!-- \/wp:quote --><!-- wp:paragraph -->\r\n<p>Come nuovo utente di WordPress, dovresti andare nella tua <a href=\"http:\/\/event.donatonigroup.com\/wp-admin\/\">Bacheca<\/a> per eliminare questa pagina, e crearne delle nuove per i tuoi contenuti. Divertiti!<\/p>\r\n<!-- \/wp:paragraph -->","_et_gb_content_width":"","footnotes":""},"class_list":["post-176","page","type-page","status-publish","hentry"],"yoast_head":"<!-- This site is optimized with the Yoast SEO plugin v25.5 - https:\/\/yoast.com\/wordpress\/plugins\/seo\/ -->\n<title>Event-2025 - Donatoni Group<\/title>\n<meta name=\"description\" content=\"Donatoni Macchine organizes an exclusive event dedicated to our best customers and collaborators. Find out how to participate!\" \/>\n<meta name=\"robots\" content=\"index, follow, max-snippet:-1, max-image-preview:large, max-video-preview:-1\" \/>\n<link rel=\"canonical\" href=\"https:\/\/event.donatonigroup.com\/en\/event\/\" \/>\n<meta property=\"og:locale\" content=\"en_US\" \/>\n<meta property=\"og:type\" content=\"article\" \/>\n<meta property=\"og:title\" content=\"Event-2025 - Donatoni Group\" \/>\n<meta property=\"og:description\" content=\"Donatoni Macchine organizes an exclusive event dedicated to our best customers and collaborators. Find out how to participate!\" \/>\n<meta property=\"og:url\" content=\"https:\/\/event.donatonigroup.com\/en\/event\/\" \/>\n<meta property=\"og:site_name\" content=\"Donatoni Group Event\" \/>\n<meta property=\"article:modified_time\" content=\"2025-06-03T08:36:42+00:00\" \/>\n<meta name=\"twitter:card\" content=\"summary_large_image\" \/>\n<meta name=\"twitter:label1\" content=\"Est. reading time\" \/>\n\t<meta name=\"twitter:data1\" content=\"2 minutes\" \/>\n<script type=\"application\/ld+json\" class=\"yoast-schema-graph\">{\"@context\":\"https:\/\/schema.org\",\"@graph\":[{\"@type\":\"WebPage\",\"@id\":\"https:\/\/event.donatonigroup.com\/en\/event\/\",\"url\":\"https:\/\/event.donatonigroup.com\/en\/event\/\",\"name\":\"Event-2025 - Donatoni Group\",\"isPartOf\":{\"@id\":\"https:\/\/event.donatonigroup.com\/en\/#website\"},\"datePublished\":\"2022-08-29T10:16:38+00:00\",\"dateModified\":\"2025-06-03T08:36:42+00:00\",\"description\":\"Donatoni Macchine organizes an exclusive event dedicated to our best customers and collaborators. Find out how to participate!\",\"breadcrumb\":{\"@id\":\"https:\/\/event.donatonigroup.com\/en\/event\/#breadcrumb\"},\"inLanguage\":\"en-US\",\"potentialAction\":[{\"@type\":\"ReadAction\",\"target\":[\"https:\/\/event.donatonigroup.com\/en\/event\/\"]}]},{\"@type\":\"BreadcrumbList\",\"@id\":\"https:\/\/event.donatonigroup.com\/en\/event\/#breadcrumb\",\"itemListElement\":[{\"@type\":\"ListItem\",\"position\":1,\"name\":\"Home\",\"item\":\"https:\/\/event.donatonigroup.com\/en\/\"},{\"@type\":\"ListItem\",\"position\":2,\"name\":\"Event-2025\"}]},{\"@type\":\"WebSite\",\"@id\":\"https:\/\/event.donatonigroup.com\/en\/#website\",\"url\":\"https:\/\/event.donatonigroup.com\/en\/\",\"name\":\"Donatoni Group Event\",\"description\":\"\",\"potentialAction\":[{\"@type\":\"SearchAction\",\"target\":{\"@type\":\"EntryPoint\",\"urlTemplate\":\"https:\/\/event.donatonigroup.com\/en\/?s={search_term_string}\"},\"query-input\":{\"@type\":\"PropertyValueSpecification\",\"valueRequired\":true,\"valueName\":\"search_term_string\"}}],\"inLanguage\":\"en-US\"}]}<\/script>\n<!-- \/ Yoast SEO plugin. -->","yoast_head_json":{"title":"Event-2025 - Donatoni Group","description":"Donatoni Macchine organizes an exclusive event dedicated to our best customers and collaborators. Find out how to participate!","robots":{"index":"index","follow":"follow","max-snippet":"max-snippet:-1","max-image-preview":"max-image-preview:large","max-video-preview":"max-video-preview:-1"},"canonical":"https:\/\/event.donatonigroup.com\/en\/event\/","og_locale":"en_US","og_type":"article","og_title":"Event-2025 - Donatoni Group","og_description":"Donatoni Macchine organizes an exclusive event dedicated to our best customers and collaborators. Find out how to participate!","og_url":"https:\/\/event.donatonigroup.com\/en\/event\/","og_site_name":"Donatoni Group Event","article_modified_time":"2025-06-03T08:36:42+00:00","twitter_card":"summary_large_image","twitter_misc":{"Est. reading time":"2 minutes"},"schema":{"@context":"https:\/\/schema.org","@graph":[{"@type":"WebPage","@id":"https:\/\/event.donatonigroup.com\/en\/event\/","url":"https:\/\/event.donatonigroup.com\/en\/event\/","name":"Event-2025 - Donatoni Group","isPartOf":{"@id":"https:\/\/event.donatonigroup.com\/en\/#website"},"datePublished":"2022-08-29T10:16:38+00:00","dateModified":"2025-06-03T08:36:42+00:00","description":"Donatoni Macchine organizes an exclusive event dedicated to our best customers and collaborators. Find out how to participate!","breadcrumb":{"@id":"https:\/\/event.donatonigroup.com\/en\/event\/#breadcrumb"},"inLanguage":"en-US","potentialAction":[{"@type":"ReadAction","target":["https:\/\/event.donatonigroup.com\/en\/event\/"]}]},{"@type":"BreadcrumbList","@id":"https:\/\/event.donatonigroup.com\/en\/event\/#breadcrumb","itemListElement":[{"@type":"ListItem","position":1,"name":"Home","item":"https:\/\/event.donatonigroup.com\/en\/"},{"@type":"ListItem","position":2,"name":"Event-2025"}]},{"@type":"WebSite","@id":"https:\/\/event.donatonigroup.com\/en\/#website","url":"https:\/\/event.donatonigroup.com\/en\/","name":"Donatoni Group Event","description":"","potentialAction":[{"@type":"SearchAction","target":{"@type":"EntryPoint","urlTemplate":"https:\/\/event.donatonigroup.com\/en\/?s={search_term_string}"},"query-input":{"@type":"PropertyValueSpecification","valueRequired":true,"valueName":"search_term_string"}}],"inLanguage":"en-US"}]}},"_links":{"self":[{"href":"https:\/\/event.donatonigroup.com\/en\/wp-json\/wp\/v2\/pages\/176","targetHints":{"allow":["GET"]}}],"collection":[{"href":"https:\/\/event.donatonigroup.com\/en\/wp-json\/wp\/v2\/pages"}],"about":[{"href":"https:\/\/event.donatonigroup.com\/en\/wp-json\/wp\/v2\/types\/page"}],"author":[{"embeddable":true,"href":"https:\/\/event.donatonigroup.com\/en\/wp-json\/wp\/v2\/users\/1"}],"replies":[{"embeddable":true,"href":"https:\/\/event.donatonigroup.com\/en\/wp-json\/wp\/v2\/comments?post=176"}],"version-history":[{"count":11,"href":"https:\/\/event.donatonigroup.com\/en\/wp-json\/wp\/v2\/pages\/176\/revisions"}],"predecessor-version":[{"id":231,"href":"https:\/\/event.donatonigroup.com\/en\/wp-json\/wp\/v2\/pages\/176\/revisions\/231"}],"wp:attachment":[{"href":"https:\/\/event.donatonigroup.com\/en\/wp-json\/wp\/v2\/media?parent=176"}],"curies":[{"name":"wp","href":"https:\/\/api.w.org\/{rel}","templated":true}]}}