{"id":518,"date":"2025-07-23T15:08:02","date_gmt":"2025-07-23T13:08:02","guid":{"rendered":"https:\/\/event.donatonigroup.com\/d-wine\/"},"modified":"2025-07-31T15:38:07","modified_gmt":"2025-07-31T13:38:07","slug":"d-wine","status":"publish","type":"page","link":"https:\/\/event.donatonigroup.com\/es\/","title":{"rendered":"D-Wine"},"content":{"rendered":"<p>[et_pb_section fb_built=\u00bb1&#8243; _builder_version=\u00bb4.27.4&#8243; _module_preset=\u00bbdefault\u00bb background_image=\u00bbhttps:\/\/event.donatonigroup.com\/wp-content\/uploads\/2025\/07\/Homepage_Dwine_orizzontale.svg\u00bb height=\u00bb90vh\u00bb height_tablet=\u00bb70vh\u00bb height_phone=\u00bb60vh\u00bb height_last_edited=\u00bbon|phone\u00bb background_last_edited=\u00bbon|tablet\u00bb background_image_tablet=\u00bbhttps:\/\/event.donatonigroup.com\/wp-content\/uploads\/2025\/07\/Homepage_Dwine_verticale.svg\u00bb background_enable_image_tablet=\u00bbon\u00bb global_colors_info=\u00bb{}\u00bb][\/et_pb_section][et_pb_section fb_built=\u00bb1&#8243; disabled_on=\u00bboff|off|off\u00bb _builder_version=\u00bb4.17.1&#8243; _module_preset=\u00bbdefault\u00bb background_color=\u00bbrgba(150,150,150,0.15)\u00bb global_colors_info=\u00bb{}\u00bb][et_pb_row custom_padding_last_edited=\u00bbon|phone\u00bb _builder_version=\u00bb4.27.4&#8243; _module_preset=\u00bbdefault\u00bb custom_padding_tablet=\u00bb\u00bb custom_padding_phone=\u00bb0px||3%||false|false\u00bb global_colors_info=\u00bb{}\u00bb][et_pb_column type=\u00bb4_4&#8243; _builder_version=\u00bb4.17.1&#8243; _module_preset=\u00bbdefault\u00bb global_colors_info=\u00bb{}\u00bb][et_pb_text _builder_version=\u00bb4.27.4&#8243; _module_preset=\u00bbdefault\u00bb header_font=\u00bbDonatoni Sana|||on|||||\u00bb header_text_color=\u00bb#70C2B4&#8243; header_font_size=\u00bb5em\u00bb hover_enabled=\u00bb0&#8243; header_font_size_tablet=\u00bb3.5em\u00bb header_font_size_phone=\u00bb2em\u00bb header_font_size_last_edited=\u00bbon|phone\u00bb header_line_height_tablet=\u00bb\u00bb header_line_height_phone=\u00bb1.1em\u00bb header_line_height_last_edited=\u00bbon|phone\u00bb global_colors_info=\u00bb{}\u00bb sticky_enabled=\u00bb0&#8243;]<\/p>\n<h1>D-wine<\/h1>\n<h1>A journey Through Italian taste<\/h1>\n<h1><\/h1>\n<h1><\/h1>\n<h1>24 y 25 septiembre<\/h1>\n<p>[\/et_pb_text][\/et_pb_column][\/et_pb_row][et_pb_row custom_padding_last_edited=\u00bbon|tablet\u00bb _builder_version=\u00bb4.27.4&#8243; _module_preset=\u00bbdefault\u00bb custom_padding_tablet=\u00bb||0px||false|false\u00bb custom_padding_phone=\u00bb0px||0px||false|false\u00bb global_colors_info=\u00bb{}\u00bb][et_pb_column type=\u00bb4_4&#8243; _builder_version=\u00bb4.17.1&#8243; _module_preset=\u00bbdefault\u00bb global_colors_info=\u00bb{}\u00bb][et_pb_text _builder_version=\u00bb4.27.4&#8243; _module_preset=\u00bbdefault\u00bb text_font=\u00bbNoto Sans||||||||\u00bb text_text_color=\u00bb#000000&#8243; text_font_size=\u00bb20px\u00bb text_font_size_tablet=\u00bb20px\u00bb text_font_size_phone=\u00bb16px\u00bb text_font_size_last_edited=\u00bbon|phone\u00bb global_colors_info=\u00bb{}\u00bb]<\/p>\n<p>Una experiencia \u00fanica \u2014 un viaje por los sabores aut\u00e9nticos de nuestra tradici\u00f3n.<\/p>\n<p>Un evento donde el vino y la cocina se convierten en los verdaderos protagonistas de una celebraci\u00f3n llena de diversi\u00f3n.<\/p>\n<p><strong>D-wine es una \u201cfiesta del gusto\u201d<\/strong>: una cata guiada de bodegas seleccionadas, acompa\u00f1ada de platos tradicionales italianos, todo ello realzado con m\u00fasica, c\u00f3cteles y mucha alegr\u00eda.<\/p>\n<p>No pierdas la oportunidad de celebrar con nosotros la excelencia de nuestra regi\u00f3n.<\/p>\n<p>[\/et_pb_text][et_pb_text _builder_version=\u00bb4.27.4&#8243; _module_preset=\u00bbdefault\u00bb text_font=\u00bbNoto Sans||||||||\u00bb text_text_color=\u00bb#000000&#8243; text_font_size=\u00bb20px\u00bb text_font_size_tablet=\u00bb20px\u00bb text_font_size_phone=\u00bb16px\u00bb text_font_size_last_edited=\u00bbon|phone\u00bb global_colors_info=\u00bb{}\u00bb]<\/p>\n<p><strong>Lugar: Donatoni Macchine Srl<\/strong><br \/>Via Napoleone 14, 37015<br \/>Sant\u2019Ambrogio di Valpolicella (VR)<\/p>\n<p>[\/et_pb_text][\/et_pb_column][\/et_pb_row][et_pb_row _builder_version=\u00bb4.17.1&#8243; _module_preset=\u00bbdefault\u00bb custom_margin=\u00bb3%||||false|false\u00bb custom_margin_tablet=\u00bb3%||||false|false\u00bb custom_margin_phone=\u00bb10%||12%||false|false\u00bb custom_margin_last_edited=\u00bbon|phone\u00bb custom_padding=\u00bb0px||0px||true|false\u00bb box_shadow_style=\u00bbpreset2&#8243; box_shadow_spread=\u00bb15px\u00bb global_colors_info=\u00bb{}\u00bb][et_pb_column type=\u00bb4_4&#8243; _builder_version=\u00bb4.17.1&#8243; _module_preset=\u00bbdefault\u00bb global_colors_info=\u00bb{}\u00bb][et_pb_code raw_content_tablet=\u00bb<iframe src=%22https:\/\/www.google.com\/maps\/embed?pb=!1m18!1m12!1m3!1d2795.2834255460293!2d10.811640676999422!3d45.524501771075!2m3!1f0!2f0!3f0!3m2!1i1024!2i768!4f13.1!3m3!1m2!1s0x4781eff4d4d3064f%3A0xc1ffe21ed01be468!2sDonatoni%20Macchine!5e0!3m2!1sit!2sit!4v1753275806117!5m2!1sit!2sit%22 width=%22100%%22 height=%22450%22 style=%22border:0;%22 allowfullscreen=%22%22 loading=%22lazy%22 referrerpolicy=%22no-referrer-when-downgrade%22><\/iframe>\u00bb raw_content_phone=\u00bb<iframe src=%22https:\/\/www.google.com\/maps\/embed?pb=!1m18!1m12!1m3!1d2795.2834255460293!2d10.811640676999422!3d45.524501771075!2m3!1f0!2f0!3f0!3m2!1i1024!2i768!4f13.1!3m3!1m2!1s0x4781eff4d4d3064f%3A0xc1ffe21ed01be468!2sDonatoni%20Macchine!5e0!3m2!1sit!2sit!4v1753275806117!5m2!1sit!2sit%22 width=%22100%%22 height=%22350%22 style=%22border:0;%22 allowfullscreen=%22%22 loading=%22lazy%22 referrerpolicy=%22no-referrer-when-downgrade%22><\/iframe>\u00bb raw_content_last_edited=\u00bbon|phone\u00bb _builder_version=\u00bb4.17.1&#8243; _module_preset=\u00bbdefault\u00bb custom_margin_tablet=\u00bb\u00bb custom_margin_phone=\u00bb||||false|false\u00bb custom_margin_last_edited=\u00bbon|phone\u00bb global_colors_info=\u00bb{}\u00bb]<iframe src=\"https:\/\/www.google.com\/maps\/embed?pb=!1m18!1m12!1m3!1d2795.2834255460293!2d10.811640676999422!3d45.524501771075!2m3!1f0!2f0!3f0!3m2!1i1024!2i768!4f13.1!3m3!1m2!1s0x4781eff4d4d3064f%3A0xc1ffe21ed01be468!2sDonatoni%20Macchine!5e0!3m2!1sit!2sit!4v1753275806117!5m2!1sit!2sit\" width=\"100%\" height=\"550\" style=\"border:0;\" allowfullscreen=\"\" loading=\"lazy\" referrerpolicy=\"no-referrer-when-downgrade\"><\/iframe>[\/et_pb_code][\/et_pb_column][\/et_pb_row][et_pb_row custom_padding_last_edited=\u00bbon|phone\u00bb _builder_version=\u00bb4.27.4&#8243; _module_preset=\u00bbdefault\u00bb width_tablet=\u00bb80%\u00bb width_phone=\u00bb80%\u00bb width_last_edited=\u00bbon|tablet\u00bb module_alignment=\u00bbcenter\u00bb custom_margin=\u00bb1%||||false|false\u00bb custom_margin_tablet=\u00bb1%||||false|false\u00bb custom_margin_phone=\u00bb0%||||false|false\u00bb custom_margin_last_edited=\u00bbon|phone\u00bb custom_padding_tablet=\u00bb\u00bb custom_padding_phone=\u00bb0px||0px||true|false\u00bb global_colors_info=\u00bb{}\u00bb][et_pb_column type=\u00bb4_4&#8243; _builder_version=\u00bb4.17.1&#8243; _module_preset=\u00bbdefault\u00bb global_colors_info=\u00bb{}\u00bb][et_pb_button button_url=\u00bb@ET-DC@eyJkeW5hbWljIjp0cnVlLCJjb250ZW50IjoicG9zdF9saW5rX3VybF9wYWdlIiwic2V0dGluZ3MiOnsicG9zdF9pZCI6IjIzNiJ9fQ==@\u00bb button_text=\u00bbPARTICIPA EN NUESTRA VELADA\u00bb button_alignment=\u00bbcenter\u00bb _builder_version=\u00bb4.27.4&#8243; _dynamic_attributes=\u00bbbutton_url\u00bb _module_preset=\u00bbdefault\u00bb custom_button=\u00bbon\u00bb button_text_size=\u00bb2em\u00bb button_text_color=\u00bb#FFFFFF\u00bb button_bg_color=\u00bb#082161&#8243; button_border_color=\u00bb#70C2B4&#8243; button_border_radius=\u00bb0px\u00bb button_font=\u00bbDonatoni Sana|||on|||||\u00bb button_use_icon=\u00bboff\u00bb hover_transition_duration=\u00bb500ms\u00bb button_text_size_tablet=\u00bb1.8em\u00bb button_text_size_phone=\u00bb1.2em\u00bb button_text_size_last_edited=\u00bbon|tablet\u00bb box_shadow_style=\u00bbpreset1&#8243; box_shadow_vertical=\u00bb0px\u00bb box_shadow_blur=\u00bb0px\u00bb box_shadow_spread=\u00bb7px\u00bb box_shadow_color=\u00bbRGBA(255,255,255,0)\u00bb box_shadow_spread_tablet=\u00bb7px\u00bb box_shadow_spread_phone=\u00bb7px\u00bb box_shadow_spread_last_edited=\u00bbon|desktop\u00bb box_shadow_color_last_edited=\u00bboff|desktop\u00bb global_colors_info=\u00bb{}\u00bb box_shadow_color__hover_enabled=\u00bbon|hover\u00bb box_shadow_color__hover=\u00bb#70C2B4&#8243; box_shadow_blur__hover_enabled=\u00bbon|hover\u00bb box_shadow_blur__hover=\u00bb20px\u00bb transform_styles__hover_enabled=\u00bbon|hover\u00bb transform_scale__hover_enabled=\u00bbon|hover\u00bb transform_translate__hover_enabled=\u00bbon|hover\u00bb transform_rotate__hover_enabled=\u00bbon|hover\u00bb transform_skew__hover_enabled=\u00bbon|hover\u00bb transform_origin__hover_enabled=\u00bbon|hover\u00bb transform_scale__hover=\u00bb105%|105%\u00bb][\/et_pb_button][\/et_pb_column][\/et_pb_row][\/et_pb_section][et_pb_section fb_built=\u00bb1&#8243; disabled_on=\u00bboff|off|off\u00bb module_id=\u00bbstone-tech\u00bb _builder_version=\u00bb4.27.4&#8243; _module_preset=\u00bbdefault\u00bb background_enable_color=\u00bboff\u00bb background_image=\u00bbhttps:\/\/event.donatonigroup.com\/wp-content\/uploads\/2025\/07\/Background_StoneTechDayTankyou.svg\u00bb background_blend=\u00bbmultiply\u00bb global_colors_info=\u00bb{}\u00bb][et_pb_row custom_padding_last_edited=\u00bbon|phone\u00bb _builder_version=\u00bb4.27.4&#8243; _module_preset=\u00bbdefault\u00bb custom_padding_tablet=\u00bb\u00bb custom_padding_phone=\u00bb||0px||false|false\u00bb global_colors_info=\u00bb{}\u00bb][et_pb_column type=\u00bb4_4&#8243; _builder_version=\u00bb4.17.1&#8243; _module_preset=\u00bbdefault\u00bb global_colors_info=\u00bb{}\u00bb][et_pb_text _builder_version=\u00bb4.17.1&#8243; _module_preset=\u00bbdefault\u00bb header_2_font=\u00bbDonatoni Sana|||on|||||\u00bb header_2_text_color=\u00bb#FFFFFF\u00bb header_2_font_size=\u00bb6em\u00bb header_2_font_size_tablet=\u00bb6em\u00bb header_2_font_size_phone=\u00bb3.7em\u00bb header_2_font_size_last_edited=\u00bbon|phone\u00bb global_colors_info=\u00bb{}\u00bb]<\/p>\n<h2>d-wine<\/h2>\n<p>[\/et_pb_text][\/et_pb_column][\/et_pb_row][et_pb_row column_structure=\u00bb1_4,3_4&#8243; custom_padding_last_edited=\u00bbon|phone\u00bb _builder_version=\u00bb4.27.4&#8243; _module_preset=\u00bbdefault\u00bb custom_padding_tablet=\u00bb\u00bb custom_padding_phone=\u00bb3%||||false|false\u00bb hover_enabled=\u00bb0&#8243; global_colors_info=\u00bb{}\u00bb sticky_enabled=\u00bb0&#8243;][et_pb_column type=\u00bb1_4&#8243; _builder_version=\u00bb4.17.1&#8243; _module_preset=\u00bbdefault\u00bb global_colors_info=\u00bb{}\u00bb][\/et_pb_column][et_pb_column type=\u00bb3_4&#8243; _builder_version=\u00bb4.17.1&#8243; _module_preset=\u00bbdefault\u00bb global_colors_info=\u00bb{}\u00bb][et_pb_blurb title=\u00bb24 y 25 de septiembre de 2025&#8243; image=\u00bbhttps:\/\/event.donatonigroup.com\/wp-content\/uploads\/2025\/07\/diagonale-azzurra.webp\u00bb icon_placement=\u00bbleft\u00bb content_max_width=\u00bb100%\u00bb image_icon_width_tablet=\u00bb\u00bb image_icon_width_phone=\u00bb21px\u00bb image_icon_width_last_edited=\u00bbon|phone\u00bb _builder_version=\u00bb4.27.4&#8243; _module_preset=\u00bbdefault\u00bb header_font=\u00bbDonatoni Sana||||||||\u00bb header_text_color=\u00bb#FFFFFF\u00bb header_font_size=\u00bb4em\u00bb child_filter_hue_rotate=\u00bb345deg\u00bb child_filter_saturate=\u00bb70%\u00bb child_filter_brightness=\u00bb135%\u00bb hover_enabled=\u00bb0&#8243; header_font_size_tablet=\u00bb4em\u00bb header_font_size_phone=\u00bb3em\u00bb header_font_size_last_edited=\u00bbon|phone\u00bb global_colors_info=\u00bb{}\u00bb sticky_enabled=\u00bb0&#8243;][\/et_pb_blurb][et_pb_text _builder_version=\u00bb4.27.4&#8243; _module_preset=\u00bbdefault\u00bb text_font=\u00bbNoto Sans||||||||\u00bb text_text_color=\u00bb#FFFFFF\u00bb text_font_size=\u00bb20px\u00bb text_font_size_tablet=\u00bb20px\u00bb text_font_size_phone=\u00bb16px\u00bb text_font_size_last_edited=\u00bbon|phone\u00bb locked=\u00bboff\u00bb global_colors_info=\u00bb{}\u00bb]<\/p>\n<p data-start=\"758\" data-end=\"822\"><strong data-start=\"758\" data-end=\"822\">Las noches de Dwine est\u00e1n dise\u00f1adas para sorprender e involucrar:<\/strong><\/p>\n<ul data-start=\"823\" data-end=\"1176\">\n<li data-start=\"823\" data-end=\"893\">\n<p data-start=\"825\" data-end=\"893\"><strong data-start=\"825\" data-end=\"858\">Cata de vinos<\/strong> dirigida por expertos en\u00f3logos<\/p>\n<\/li>\n<li><strong data-start=\"1026\" data-end=\"1048\">Zona gastron\u00f3mica<\/strong> dedicada a las mejores especialidades locales<\/li>\n<li data-start=\"894\" data-end=\"957\">\n<p data-start=\"896\" data-end=\"957\"><strong data-start=\"896\" data-end=\"924\">M\u00fasica en vivo y DJ set <\/strong>para crear la atm\u00f3sfera ideal<\/p>\n<\/li>\n<li data-start=\"958\" data-end=\"1023\">\n<p data-start=\"960\" data-end=\"1023\"><strong data-start=\"960\" data-end=\"981\">C\u00f3cteles de autor <\/strong>para relajarse en buena compa\u00f1\u00eda<\/p>\n<\/li>\n<\/ul>\n<p>Una ocasi\u00f3n \u00fanica para descubrir nuevas etiquetas, conocer a los productores, dejarse guiar por los expertos y disfrutar de lo mejor de la tradici\u00f3n enogastron\u00f3mica italiana.<\/p>\n<p>[\/et_pb_text][\/et_pb_column][\/et_pb_row][et_pb_row _builder_version=\u00bb4.17.1&#8243; _module_preset=\u00bbdefault\u00bb global_colors_info=\u00bb{}\u00bb][et_pb_column type=\u00bb4_4&#8243; _builder_version=\u00bb4.17.1&#8243; _module_preset=\u00bbdefault\u00bb global_colors_info=\u00bb{}\u00bb][et_pb_button button_url=\u00bb@ET-DC@eyJkeW5hbWljIjp0cnVlLCJjb250ZW50IjoicG9zdF9saW5rX3VybF9wYWdlIiwic2V0dGluZ3MiOnsicG9zdF9pZCI6IjIzNiJ9fQ==@\u00bb button_text=\u00bbPARTICIPA EN NUESTRA VELADA\u00bb button_alignment=\u00bbcenter\u00bb _builder_version=\u00bb4.27.4&#8243; _dynamic_attributes=\u00bbbutton_url\u00bb _module_preset=\u00bbdefault\u00bb custom_button=\u00bbon\u00bb button_text_size=\u00bb2em\u00bb button_text_color=\u00bb#FFFFFF\u00bb button_bg_color=\u00bb#101F46&#8243; button_border_color=\u00bb#70C2B4&#8243; button_border_radius=\u00bb0px\u00bb button_font=\u00bbDonatoni Sana|||on|||||\u00bb button_use_icon=\u00bboff\u00bb hover_transition_duration=\u00bb500ms\u00bb button_text_size_tablet=\u00bb2em\u00bb button_text_size_phone=\u00bb1.5em\u00bb button_text_size_last_edited=\u00bbon|phone\u00bb box_shadow_style=\u00bbpreset1&#8243; box_shadow_vertical=\u00bb0px\u00bb box_shadow_blur=\u00bb0px\u00bb box_shadow_spread=\u00bb7px\u00bb box_shadow_color=\u00bbRGBA(255,255,255,0)\u00bb box_shadow_spread_tablet=\u00bb7px\u00bb box_shadow_spread_phone=\u00bb7px\u00bb box_shadow_spread_last_edited=\u00bbon|desktop\u00bb box_shadow_color_last_edited=\u00bboff|desktop\u00bb locked=\u00bboff\u00bb global_colors_info=\u00bb{}\u00bb box_shadow_color__hover_enabled=\u00bbon|hover\u00bb box_shadow_color__hover=\u00bb#70C2B4&#8243; box_shadow_blur__hover_enabled=\u00bbon|hover\u00bb box_shadow_blur__hover=\u00bb20px\u00bb transform_styles__hover_enabled=\u00bbon|hover\u00bb transform_scale__hover_enabled=\u00bbon|hover\u00bb transform_translate__hover_enabled=\u00bbon|hover\u00bb transform_rotate__hover_enabled=\u00bbon|hover\u00bb transform_skew__hover_enabled=\u00bbon|hover\u00bb transform_origin__hover_enabled=\u00bbon|hover\u00bb transform_scale__hover=\u00bb105%|105%\u00bb][\/et_pb_button][\/et_pb_column][\/et_pb_row][\/et_pb_section]<\/p>\n","protected":false},"excerpt":{"rendered":"<p>D-wine A journey Through Italian taste 24 y 25 septiembreUna experiencia \u00fanica \u2014 un viaje por los sabores aut\u00e9nticos de nuestra tradici\u00f3n. Un evento donde el vino y la cocina se convierten en los verdaderos protagonistas de una celebraci\u00f3n llena de diversi\u00f3n. D-wine es una \u201cfiesta del gusto\u201d: una cata guiada de bodegas seleccionadas, acompa\u00f1ada [&hellip;]<\/p>\n","protected":false},"author":1,"featured_media":0,"parent":0,"menu_order":0,"comment_status":"closed","ping_status":"closed","template":"","meta":{"_et_pb_use_builder":"on","_et_pb_old_content":"","_et_gb_content_width":"","footnotes":""},"class_list":["post-518","page","type-page","status-publish","hentry"],"yoast_head":"<!-- This site is optimized with the Yoast SEO plugin v25.5 - https:\/\/yoast.com\/wordpress\/plugins\/seo\/ -->\n<title>D-Wine - Donatoni Group Event<\/title>\n<meta name=\"robots\" content=\"index, follow, max-snippet:-1, max-image-preview:large, max-video-preview:-1\" \/>\n<link rel=\"canonical\" href=\"https:\/\/event.donatonigroup.com\/es\/\" \/>\n<meta property=\"og:locale\" content=\"es_ES\" \/>\n<meta property=\"og:type\" content=\"article\" \/>\n<meta property=\"og:title\" content=\"D-Wine - Donatoni Group Event\" \/>\n<meta property=\"og:description\" content=\"D-wine A journey Through Italian taste 24 y 25 septiembreUna experiencia \u00fanica \u2014 un viaje por los sabores aut\u00e9nticos de nuestra tradici\u00f3n. Un evento donde el vino y la cocina se convierten en los verdaderos protagonistas de una celebraci\u00f3n llena de diversi\u00f3n. D-wine es una \u201cfiesta del gusto\u201d: una cata guiada de bodegas seleccionadas, acompa\u00f1ada [&hellip;]\" \/>\n<meta property=\"og:url\" content=\"https:\/\/event.donatonigroup.com\/es\/\" \/>\n<meta property=\"og:site_name\" content=\"Donatoni Group Event\" \/>\n<meta property=\"article:modified_time\" content=\"2025-07-31T13:38:07+00:00\" \/>\n<meta name=\"twitter:card\" content=\"summary_large_image\" \/>\n<meta name=\"twitter:label1\" content=\"Tiempo de lectura\" \/>\n\t<meta name=\"twitter:data1\" content=\"2 minutos\" \/>\n<script type=\"application\/ld+json\" class=\"yoast-schema-graph\">{\"@context\":\"https:\/\/schema.org\",\"@graph\":[{\"@type\":\"WebPage\",\"@id\":\"https:\/\/event.donatonigroup.com\/es\/\",\"url\":\"https:\/\/event.donatonigroup.com\/es\/\",\"name\":\"D-Wine - Donatoni Group Event\",\"isPartOf\":{\"@id\":\"https:\/\/event.donatonigroup.com\/es\/#website\"},\"datePublished\":\"2025-07-23T13:08:02+00:00\",\"dateModified\":\"2025-07-31T13:38:07+00:00\",\"breadcrumb\":{\"@id\":\"https:\/\/event.donatonigroup.com\/es\/#breadcrumb\"},\"inLanguage\":\"es\",\"potentialAction\":[{\"@type\":\"ReadAction\",\"target\":[\"https:\/\/event.donatonigroup.com\/es\/\"]}]},{\"@type\":\"BreadcrumbList\",\"@id\":\"https:\/\/event.donatonigroup.com\/es\/#breadcrumb\",\"itemListElement\":[{\"@type\":\"ListItem\",\"position\":1,\"name\":\"Home\",\"item\":\"https:\/\/event.donatonigroup.com\/es\/\"},{\"@type\":\"ListItem\",\"position\":2,\"name\":\"D-Wine\"}]},{\"@type\":\"WebSite\",\"@id\":\"https:\/\/event.donatonigroup.com\/es\/#website\",\"url\":\"https:\/\/event.donatonigroup.com\/es\/\",\"name\":\"Donatoni Group Event\",\"description\":\"\",\"potentialAction\":[{\"@type\":\"SearchAction\",\"target\":{\"@type\":\"EntryPoint\",\"urlTemplate\":\"https:\/\/event.donatonigroup.com\/es\/?s={search_term_string}\"},\"query-input\":{\"@type\":\"PropertyValueSpecification\",\"valueRequired\":true,\"valueName\":\"search_term_string\"}}],\"inLanguage\":\"es\"}]}<\/script>\n<!-- \/ Yoast SEO plugin. -->","yoast_head_json":{"title":"D-Wine - Donatoni Group Event","robots":{"index":"index","follow":"follow","max-snippet":"max-snippet:-1","max-image-preview":"max-image-preview:large","max-video-preview":"max-video-preview:-1"},"canonical":"https:\/\/event.donatonigroup.com\/es\/","og_locale":"es_ES","og_type":"article","og_title":"D-Wine - Donatoni Group Event","og_description":"D-wine A journey Through Italian taste 24 y 25 septiembreUna experiencia \u00fanica \u2014 un viaje por los sabores aut\u00e9nticos de nuestra tradici\u00f3n. Un evento donde el vino y la cocina se convierten en los verdaderos protagonistas de una celebraci\u00f3n llena de diversi\u00f3n. D-wine es una \u201cfiesta del gusto\u201d: una cata guiada de bodegas seleccionadas, acompa\u00f1ada [&hellip;]","og_url":"https:\/\/event.donatonigroup.com\/es\/","og_site_name":"Donatoni Group Event","article_modified_time":"2025-07-31T13:38:07+00:00","twitter_card":"summary_large_image","twitter_misc":{"Tiempo de lectura":"2 minutos"},"schema":{"@context":"https:\/\/schema.org","@graph":[{"@type":"WebPage","@id":"https:\/\/event.donatonigroup.com\/es\/","url":"https:\/\/event.donatonigroup.com\/es\/","name":"D-Wine - Donatoni Group Event","isPartOf":{"@id":"https:\/\/event.donatonigroup.com\/es\/#website"},"datePublished":"2025-07-23T13:08:02+00:00","dateModified":"2025-07-31T13:38:07+00:00","breadcrumb":{"@id":"https:\/\/event.donatonigroup.com\/es\/#breadcrumb"},"inLanguage":"es","potentialAction":[{"@type":"ReadAction","target":["https:\/\/event.donatonigroup.com\/es\/"]}]},{"@type":"BreadcrumbList","@id":"https:\/\/event.donatonigroup.com\/es\/#breadcrumb","itemListElement":[{"@type":"ListItem","position":1,"name":"Home","item":"https:\/\/event.donatonigroup.com\/es\/"},{"@type":"ListItem","position":2,"name":"D-Wine"}]},{"@type":"WebSite","@id":"https:\/\/event.donatonigroup.com\/es\/#website","url":"https:\/\/event.donatonigroup.com\/es\/","name":"Donatoni Group Event","description":"","potentialAction":[{"@type":"SearchAction","target":{"@type":"EntryPoint","urlTemplate":"https:\/\/event.donatonigroup.com\/es\/?s={search_term_string}"},"query-input":{"@type":"PropertyValueSpecification","valueRequired":true,"valueName":"search_term_string"}}],"inLanguage":"es"}]}},"_links":{"self":[{"href":"https:\/\/event.donatonigroup.com\/es\/wp-json\/wp\/v2\/pages\/518","targetHints":{"allow":["GET"]}}],"collection":[{"href":"https:\/\/event.donatonigroup.com\/es\/wp-json\/wp\/v2\/pages"}],"about":[{"href":"https:\/\/event.donatonigroup.com\/es\/wp-json\/wp\/v2\/types\/page"}],"author":[{"embeddable":true,"href":"https:\/\/event.donatonigroup.com\/es\/wp-json\/wp\/v2\/users\/1"}],"replies":[{"embeddable":true,"href":"https:\/\/event.donatonigroup.com\/es\/wp-json\/wp\/v2\/comments?post=518"}],"version-history":[{"count":8,"href":"https:\/\/event.donatonigroup.com\/es\/wp-json\/wp\/v2\/pages\/518\/revisions"}],"predecessor-version":[{"id":725,"href":"https:\/\/event.donatonigroup.com\/es\/wp-json\/wp\/v2\/pages\/518\/revisions\/725"}],"wp:attachment":[{"href":"https:\/\/event.donatonigroup.com\/es\/wp-json\/wp\/v2\/media?parent=518"}],"curies":[{"name":"wp","href":"https:\/\/api.w.org\/{rel}","templated":true}]}}