{"id":665,"date":"2025-07-23T17:22:49","date_gmt":"2025-07-23T15:22:49","guid":{"rendered":"https:\/\/event.donatonigroup.com\/evento\/d-wine-25-settembre\/"},"modified":"2025-09-23T12:29:15","modified_gmt":"2025-09-23T10:29:15","slug":"d-wine-25-septiembre","status":"publish","type":"product","link":"https:\/\/event.donatonigroup.com\/es\/evento\/d-wine-25-septiembre\/","title":{"rendered":"D-wine | 25 Septiembre"},"content":{"rendered":"<h3>25 Septiembre<\/h3>\n<p>&nbsp;<\/p>\n<h1><strong>D-wine \u2013 A journey Through Italian taste<\/strong><\/h1>\n<p>Las noches de Dwine est\u00e1n dise\u00f1adas para sorprender e involucrar:<\/p>\n<ul>\n<li><strong>Cata de vinos<\/strong> dirigida por expertos en\u00f3logos<\/li>\n<li><strong>Zona gastron\u00f3mica<\/strong> dedicada a las mejores especialidades locales<\/li>\n<li><strong>M\u00fasica en vivo y DJ set <\/strong>para crear la atm\u00f3sfera ideal<\/li>\n<li><strong>C\u00f3cteles de autor <\/strong>para relajarse en buena compa\u00f1\u00eda<\/li>\n<\/ul>\n<p>Una ocasi\u00f3n \u00fanica para descubrir nuevas etiquetas, conocer a los productores, dejarse guiar por los expertos y disfrutar de lo mejor de la tradici\u00f3n enogastron\u00f3mica italiana.<\/p>\n<p>No pierdas la oportunidad de celebrar con nosotros la excelencia de nuestra regi\u00f3n.<\/p>\n<p><strong>Lugar: Donatoni Macchine Srl<\/strong><br \/>\nVia Napoleone 14, 37015<br \/>\nSant\u2019Ambrogio di Valpolicella (VR)<\/p>\n","protected":false},"excerpt":{"rendered":"<p>25 Septiembre &nbsp; D-wine \u2013 A journey Through Italian taste Las noches de Dwine est\u00e1n dise\u00f1adas para sorprender e involucrar: Cata de vinos dirigida por expertos en\u00f3logos Zona gastron\u00f3mica dedicada a las mejores especialidades locales M\u00fasica en vivo y DJ set para crear la atm\u00f3sfera ideal C\u00f3cteles de autor para relajarse en buena compa\u00f1\u00eda Una [&hellip;]<\/p>\n","protected":false},"featured_media":646,"template":"","meta":{"_et_pb_use_builder":"","_et_pb_old_content":"","_et_gb_content_width":""},"product_brand":[],"product_cat":[52],"product_tag":[],"class_list":{"0":"post-665","1":"product","2":"type-product","3":"status-publish","4":"has-post-thumbnail","6":"product_cat-sin-categoria","8":"first","9":"instock","10":"shipping-taxable","11":"purchasable","12":"product-type-ticket-event"},"yoast_head":"<!-- This site is optimized with the Yoast SEO plugin v25.5 - https:\/\/yoast.com\/wordpress\/plugins\/seo\/ -->\n<title>D-wine | 25 Septiembre - Donatoni Group Event<\/title>\n<meta name=\"robots\" content=\"index, follow, max-snippet:-1, max-image-preview:large, max-video-preview:-1\" \/>\n<link rel=\"canonical\" href=\"https:\/\/event.donatonigroup.com\/es\/evento\/d-wine-25-septiembre\/\" \/>\n<meta property=\"og:locale\" content=\"es_ES\" \/>\n<meta property=\"og:type\" content=\"article\" \/>\n<meta property=\"og:title\" content=\"D-wine | 25 Septiembre - Donatoni Group Event\" \/>\n<meta property=\"og:description\" content=\"25 Septiembre &nbsp; D-wine \u2013 A journey Through Italian taste Las noches de Dwine est\u00e1n dise\u00f1adas para sorprender e involucrar: Cata de vinos dirigida por expertos en\u00f3logos Zona gastron\u00f3mica dedicada a las mejores especialidades locales M\u00fasica en vivo y DJ set para crear la atm\u00f3sfera ideal C\u00f3cteles de autor para relajarse en buena compa\u00f1\u00eda Una [&hellip;]\" \/>\n<meta property=\"og:url\" content=\"https:\/\/event.donatonigroup.com\/es\/evento\/d-wine-25-septiembre\/\" \/>\n<meta property=\"og:site_name\" content=\"Donatoni Group Event\" \/>\n<meta property=\"article:modified_time\" content=\"2025-09-23T10:29:15+00:00\" \/>\n<meta name=\"twitter:card\" content=\"summary_large_image\" \/>\n<meta name=\"twitter:label1\" content=\"Tiempo de lectura\" \/>\n\t<meta name=\"twitter:data1\" content=\"1 minuto\" \/>\n<script type=\"application\/ld+json\" class=\"yoast-schema-graph\">{\"@context\":\"https:\/\/schema.org\",\"@graph\":[{\"@type\":\"WebPage\",\"@id\":\"https:\/\/event.donatonigroup.com\/es\/evento\/d-wine-25-septiembre\/\",\"url\":\"https:\/\/event.donatonigroup.com\/es\/evento\/d-wine-25-septiembre\/\",\"name\":\"D-wine | 25 Septiembre - Donatoni Group Event\",\"isPartOf\":{\"@id\":\"https:\/\/event.donatonigroup.com\/es\/#website\"},\"primaryImageOfPage\":{\"@id\":\"https:\/\/event.donatonigroup.com\/es\/evento\/d-wine-25-septiembre\/#primaryimage\"},\"image\":{\"@id\":\"https:\/\/event.donatonigroup.com\/es\/evento\/d-wine-25-septiembre\/#primaryimage\"},\"thumbnailUrl\":\"https:\/\/event.donatonigroup.com\/wp-content\/uploads\/2025\/07\/Homepage_Dwine_orizzontale.svg\",\"datePublished\":\"2025-07-23T15:22:49+00:00\",\"dateModified\":\"2025-09-23T10:29:15+00:00\",\"breadcrumb\":{\"@id\":\"https:\/\/event.donatonigroup.com\/es\/evento\/d-wine-25-septiembre\/#breadcrumb\"},\"inLanguage\":\"es\",\"potentialAction\":[{\"@type\":\"ReadAction\",\"target\":[\"https:\/\/event.donatonigroup.com\/es\/evento\/d-wine-25-septiembre\/\"]}]},{\"@type\":\"ImageObject\",\"inLanguage\":\"es\",\"@id\":\"https:\/\/event.donatonigroup.com\/es\/evento\/d-wine-25-septiembre\/#primaryimage\",\"url\":\"https:\/\/event.donatonigroup.com\/wp-content\/uploads\/2025\/07\/Homepage_Dwine_orizzontale.svg\",\"contentUrl\":\"https:\/\/event.donatonigroup.com\/wp-content\/uploads\/2025\/07\/Homepage_Dwine_orizzontale.svg\",\"width\":1920,\"height\":1080},{\"@type\":\"BreadcrumbList\",\"@id\":\"https:\/\/event.donatonigroup.com\/es\/evento\/d-wine-25-septiembre\/#breadcrumb\",\"itemListElement\":[{\"@type\":\"ListItem\",\"position\":1,\"name\":\"Home\",\"item\":\"https:\/\/event.donatonigroup.com\/es\/\"},{\"@type\":\"ListItem\",\"position\":2,\"name\":\"Reservar billete\",\"item\":\"https:\/\/event.donatonigroup.com\/es\/reservar-billete\/\"},{\"@type\":\"ListItem\",\"position\":3,\"name\":\"D-wine | 25 Septiembre\"}]},{\"@type\":\"WebSite\",\"@id\":\"https:\/\/event.donatonigroup.com\/es\/#website\",\"url\":\"https:\/\/event.donatonigroup.com\/es\/\",\"name\":\"Donatoni Group Event\",\"description\":\"\",\"potentialAction\":[{\"@type\":\"SearchAction\",\"target\":{\"@type\":\"EntryPoint\",\"urlTemplate\":\"https:\/\/event.donatonigroup.com\/es\/?s={search_term_string}\"},\"query-input\":{\"@type\":\"PropertyValueSpecification\",\"valueRequired\":true,\"valueName\":\"search_term_string\"}}],\"inLanguage\":\"es\"}]}<\/script>\n<!-- \/ Yoast SEO plugin. -->","yoast_head_json":{"title":"D-wine | 25 Septiembre - Donatoni Group Event","robots":{"index":"index","follow":"follow","max-snippet":"max-snippet:-1","max-image-preview":"max-image-preview:large","max-video-preview":"max-video-preview:-1"},"canonical":"https:\/\/event.donatonigroup.com\/es\/evento\/d-wine-25-septiembre\/","og_locale":"es_ES","og_type":"article","og_title":"D-wine | 25 Septiembre - Donatoni Group Event","og_description":"25 Septiembre &nbsp; D-wine \u2013 A journey Through Italian taste Las noches de Dwine est\u00e1n dise\u00f1adas para sorprender e involucrar: Cata de vinos dirigida por expertos en\u00f3logos Zona gastron\u00f3mica dedicada a las mejores especialidades locales M\u00fasica en vivo y DJ set para crear la atm\u00f3sfera ideal C\u00f3cteles de autor para relajarse en buena compa\u00f1\u00eda Una [&hellip;]","og_url":"https:\/\/event.donatonigroup.com\/es\/evento\/d-wine-25-septiembre\/","og_site_name":"Donatoni Group Event","article_modified_time":"2025-09-23T10:29:15+00:00","twitter_card":"summary_large_image","twitter_misc":{"Tiempo de lectura":"1 minuto"},"schema":{"@context":"https:\/\/schema.org","@graph":[{"@type":"WebPage","@id":"https:\/\/event.donatonigroup.com\/es\/evento\/d-wine-25-septiembre\/","url":"https:\/\/event.donatonigroup.com\/es\/evento\/d-wine-25-septiembre\/","name":"D-wine | 25 Septiembre - Donatoni Group Event","isPartOf":{"@id":"https:\/\/event.donatonigroup.com\/es\/#website"},"primaryImageOfPage":{"@id":"https:\/\/event.donatonigroup.com\/es\/evento\/d-wine-25-septiembre\/#primaryimage"},"image":{"@id":"https:\/\/event.donatonigroup.com\/es\/evento\/d-wine-25-septiembre\/#primaryimage"},"thumbnailUrl":"https:\/\/event.donatonigroup.com\/wp-content\/uploads\/2025\/07\/Homepage_Dwine_orizzontale.svg","datePublished":"2025-07-23T15:22:49+00:00","dateModified":"2025-09-23T10:29:15+00:00","breadcrumb":{"@id":"https:\/\/event.donatonigroup.com\/es\/evento\/d-wine-25-septiembre\/#breadcrumb"},"inLanguage":"es","potentialAction":[{"@type":"ReadAction","target":["https:\/\/event.donatonigroup.com\/es\/evento\/d-wine-25-septiembre\/"]}]},{"@type":"ImageObject","inLanguage":"es","@id":"https:\/\/event.donatonigroup.com\/es\/evento\/d-wine-25-septiembre\/#primaryimage","url":"https:\/\/event.donatonigroup.com\/wp-content\/uploads\/2025\/07\/Homepage_Dwine_orizzontale.svg","contentUrl":"https:\/\/event.donatonigroup.com\/wp-content\/uploads\/2025\/07\/Homepage_Dwine_orizzontale.svg","width":1920,"height":1080},{"@type":"BreadcrumbList","@id":"https:\/\/event.donatonigroup.com\/es\/evento\/d-wine-25-septiembre\/#breadcrumb","itemListElement":[{"@type":"ListItem","position":1,"name":"Home","item":"https:\/\/event.donatonigroup.com\/es\/"},{"@type":"ListItem","position":2,"name":"Reservar billete","item":"https:\/\/event.donatonigroup.com\/es\/reservar-billete\/"},{"@type":"ListItem","position":3,"name":"D-wine | 25 Septiembre"}]},{"@type":"WebSite","@id":"https:\/\/event.donatonigroup.com\/es\/#website","url":"https:\/\/event.donatonigroup.com\/es\/","name":"Donatoni Group Event","description":"","potentialAction":[{"@type":"SearchAction","target":{"@type":"EntryPoint","urlTemplate":"https:\/\/event.donatonigroup.com\/es\/?s={search_term_string}"},"query-input":{"@type":"PropertyValueSpecification","valueRequired":true,"valueName":"search_term_string"}}],"inLanguage":"es"}]}},"_links":{"self":[{"href":"https:\/\/event.donatonigroup.com\/es\/wp-json\/wp\/v2\/product\/665","targetHints":{"allow":["GET"]}}],"collection":[{"href":"https:\/\/event.donatonigroup.com\/es\/wp-json\/wp\/v2\/product"}],"about":[{"href":"https:\/\/event.donatonigroup.com\/es\/wp-json\/wp\/v2\/types\/product"}],"wp:featuredmedia":[{"embeddable":true,"href":"https:\/\/event.donatonigroup.com\/es\/wp-json\/wp\/v2\/media\/646"}],"wp:attachment":[{"href":"https:\/\/event.donatonigroup.com\/es\/wp-json\/wp\/v2\/media?parent=665"}],"wp:term":[{"taxonomy":"product_brand","embeddable":true,"href":"https:\/\/event.donatonigroup.com\/es\/wp-json\/wp\/v2\/product_brand?post=665"},{"taxonomy":"product_cat","embeddable":true,"href":"https:\/\/event.donatonigroup.com\/es\/wp-json\/wp\/v2\/product_cat?post=665"},{"taxonomy":"product_tag","embeddable":true,"href":"https:\/\/event.donatonigroup.com\/es\/wp-json\/wp\/v2\/product_tag?post=665"}],"curies":[{"name":"wp","href":"https:\/\/api.w.org\/{rel}","templated":true}]}}