{"id":502,"date":"2025-07-23T15:08:02","date_gmt":"2025-07-23T13:08:02","guid":{"rendered":"https:\/\/event.donatonigroup.com\/d-wine\/"},"modified":"2025-07-31T15:32:50","modified_gmt":"2025-07-31T13:32:50","slug":"d-wine","status":"publish","type":"page","link":"https:\/\/event.donatonigroup.com\/fr\/","title":{"rendered":"D-Wine"},"content":{"rendered":"<p>[et_pb_section fb_built=\u00a0\u00bb1&Prime; _builder_version=\u00a0\u00bb4.27.4&Prime; _module_preset=\u00a0\u00bbdefault\u00a0\u00bb background_image=\u00a0\u00bbhttps:\/\/event.donatonigroup.com\/wp-content\/uploads\/2025\/07\/Homepage_Dwine_orizzontale.svg\u00a0\u00bb height=\u00a0\u00bb90vh\u00a0\u00bb height_tablet=\u00a0\u00bb70vh\u00a0\u00bb height_phone=\u00a0\u00bb60vh\u00a0\u00bb height_last_edited=\u00a0\u00bbon|phone\u00a0\u00bb background_last_edited=\u00a0\u00bbon|phone\u00a0\u00bb background_image_tablet=\u00a0\u00bbhttps:\/\/event.donatonigroup.com\/wp-content\/uploads\/2025\/07\/Homepage_Dwine_verticale.svg\u00a0\u00bb background_enable_image_tablet=\u00a0\u00bbon\u00a0\u00bb global_colors_info=\u00a0\u00bb{}\u00a0\u00bb][\/et_pb_section][et_pb_section fb_built=\u00a0\u00bb1&Prime; disabled_on=\u00a0\u00bboff|off|off\u00a0\u00bb _builder_version=\u00a0\u00bb4.17.1&Prime; _module_preset=\u00a0\u00bbdefault\u00a0\u00bb background_color=\u00a0\u00bbrgba(150,150,150,0.15)\u00a0\u00bb global_colors_info=\u00a0\u00bb{}\u00a0\u00bb][et_pb_row custom_padding_last_edited=\u00a0\u00bbon|phone\u00a0\u00bb _builder_version=\u00a0\u00bb4.27.4&Prime; _module_preset=\u00a0\u00bbdefault\u00a0\u00bb custom_padding_tablet=\u00a0\u00bb\u00a0\u00bb custom_padding_phone=\u00a0\u00bb0px||3%||false|false\u00a0\u00bb global_colors_info=\u00a0\u00bb{}\u00a0\u00bb][et_pb_column type=\u00a0\u00bb4_4&Prime; _builder_version=\u00a0\u00bb4.17.1&Prime; _module_preset=\u00a0\u00bbdefault\u00a0\u00bb global_colors_info=\u00a0\u00bb{}\u00a0\u00bb][et_pb_text _builder_version=\u00a0\u00bb4.27.4&Prime; _module_preset=\u00a0\u00bbdefault\u00a0\u00bb header_font=\u00a0\u00bbDonatoni Sana|||on|||||\u00a0\u00bb header_text_color=\u00a0\u00bb#70C2B4&Prime; header_font_size=\u00a0\u00bb5em\u00a0\u00bb hover_enabled=\u00a0\u00bb0&Prime; header_font_size_tablet=\u00a0\u00bb3.5em\u00a0\u00bb header_font_size_phone=\u00a0\u00bb2em\u00a0\u00bb header_font_size_last_edited=\u00a0\u00bbon|phone\u00a0\u00bb header_line_height_tablet=\u00a0\u00bb\u00a0\u00bb header_line_height_phone=\u00a0\u00bb1.1em\u00a0\u00bb header_line_height_last_edited=\u00a0\u00bbon|phone\u00a0\u00bb global_colors_info=\u00a0\u00bb{}\u00a0\u00bb sticky_enabled=\u00a0\u00bb0&Prime;]<\/p>\n<h1>D-wine<\/h1>\n<h1>A journey Through Italian taste<\/h1>\n<h1><\/h1>\n<h1><\/h1>\n<h1>24 et 25 september 2025<\/h1>\n<p>[\/et_pb_text][\/et_pb_column][\/et_pb_row][et_pb_row custom_padding_last_edited=\u00a0\u00bbon|tablet\u00a0\u00bb _builder_version=\u00a0\u00bb4.27.4&Prime; _module_preset=\u00a0\u00bbdefault\u00a0\u00bb custom_padding_tablet=\u00a0\u00bb||0px||false|false\u00a0\u00bb custom_padding_phone=\u00a0\u00bb0px||0px||false|false\u00a0\u00bb global_colors_info=\u00a0\u00bb{}\u00a0\u00bb][et_pb_column type=\u00a0\u00bb4_4&Prime; _builder_version=\u00a0\u00bb4.17.1&Prime; _module_preset=\u00a0\u00bbdefault\u00a0\u00bb global_colors_info=\u00a0\u00bb{}\u00a0\u00bb][et_pb_text _builder_version=\u00a0\u00bb4.27.4&Prime; _module_preset=\u00a0\u00bbdefault\u00a0\u00bb text_font=\u00a0\u00bbNoto Sans||||||||\u00a0\u00bb text_text_color=\u00a0\u00bb#000000&Prime; text_font_size=\u00a0\u00bb20px\u00a0\u00bb text_font_size_tablet=\u00a0\u00bb20px\u00a0\u00bb text_font_size_phone=\u00a0\u00bb16px\u00a0\u00bb text_font_size_last_edited=\u00a0\u00bbon|phone\u00a0\u00bb global_colors_info=\u00a0\u00bb{}\u00a0\u00bb]<\/p>\n<p>Une exp\u00e9rience unique \u2014 un voyage \u00e0 travers les saveurs authentiques de notre tradition.<\/p>\n<p>Un \u00e9v\u00e9nement o\u00f9 le vin et la cuisine deviennent les v\u00e9ritables stars d\u2019une f\u00eate riche en plaisir.<\/p>\n<p><strong>D-wine est une \u201cf\u00eate du go\u00fbt\u201d<\/strong>: une d\u00e9gustation guid\u00e9e entre caves s\u00e9lectionn\u00e9es, accompagn\u00e9e de plats typiquement italiens, le tout agr\u00e9ment\u00e9 de musique, de cocktails et de beaucoup de divertissement.<\/p>\n<p>Ne manquez pas l\u2019occasion de c\u00e9l\u00e9brer avec nous l\u2019excellence de notre territoire!<\/p>\n<p>[\/et_pb_text][et_pb_text _builder_version=\u00a0\u00bb4.27.4&Prime; _module_preset=\u00a0\u00bbdefault\u00a0\u00bb text_font=\u00a0\u00bbNoto Sans||||||||\u00a0\u00bb text_text_color=\u00a0\u00bb#000000&Prime; text_font_size=\u00a0\u00bb20px\u00a0\u00bb text_font_size_tablet=\u00a0\u00bb20px\u00a0\u00bb text_font_size_phone=\u00a0\u00bb16px\u00a0\u00bb text_font_size_last_edited=\u00a0\u00bbon|phone\u00a0\u00bb global_colors_info=\u00a0\u00bb{}\u00a0\u00bb]<\/p>\n<p><strong>Chez Donatoni Macchine Srl<\/strong><br \/>Via Napoleone 14, 37015<br \/>Sant\u2019Ambrogio di Valpolicella (VR)<\/p>\n<p>[\/et_pb_text][\/et_pb_column][\/et_pb_row][et_pb_row _builder_version=\u00a0\u00bb4.17.1&Prime; _module_preset=\u00a0\u00bbdefault\u00a0\u00bb custom_margin=\u00a0\u00bb3%||||false|false\u00a0\u00bb custom_margin_tablet=\u00a0\u00bb3%||||false|false\u00a0\u00bb custom_margin_phone=\u00a0\u00bb10%||12%||false|false\u00a0\u00bb custom_margin_last_edited=\u00a0\u00bbon|phone\u00a0\u00bb custom_padding=\u00a0\u00bb0px||0px||true|false\u00a0\u00bb box_shadow_style=\u00a0\u00bbpreset2&Prime; box_shadow_spread=\u00a0\u00bb15px\u00a0\u00bb global_colors_info=\u00a0\u00bb{}\u00a0\u00bb][et_pb_column type=\u00a0\u00bb4_4&Prime; _builder_version=\u00a0\u00bb4.17.1&Prime; _module_preset=\u00a0\u00bbdefault\u00a0\u00bb global_colors_info=\u00a0\u00bb{}\u00a0\u00bb][et_pb_code raw_content_tablet=\u00a0\u00bb<iframe src=%22https:\/\/www.google.com\/maps\/embed?pb=!1m18!1m12!1m3!1d2795.2834255460293!2d10.811640676999422!3d45.524501771075!2m3!1f0!2f0!3f0!3m2!1i1024!2i768!4f13.1!3m3!1m2!1s0x4781eff4d4d3064f%3A0xc1ffe21ed01be468!2sDonatoni%20Macchine!5e0!3m2!1sit!2sit!4v1753275806117!5m2!1sit!2sit%22 width=%22100%%22 height=%22450%22 style=%22border:0;%22 allowfullscreen=%22%22 loading=%22lazy%22 referrerpolicy=%22no-referrer-when-downgrade%22><\/iframe>\u00a0\u00bb raw_content_phone=\u00a0\u00bb<iframe src=%22https:\/\/www.google.com\/maps\/embed?pb=!1m18!1m12!1m3!1d2795.2834255460293!2d10.811640676999422!3d45.524501771075!2m3!1f0!2f0!3f0!3m2!1i1024!2i768!4f13.1!3m3!1m2!1s0x4781eff4d4d3064f%3A0xc1ffe21ed01be468!2sDonatoni%20Macchine!5e0!3m2!1sit!2sit!4v1753275806117!5m2!1sit!2sit%22 width=%22100%%22 height=%22350%22 style=%22border:0;%22 allowfullscreen=%22%22 loading=%22lazy%22 referrerpolicy=%22no-referrer-when-downgrade%22><\/iframe>\u00a0\u00bb raw_content_last_edited=\u00a0\u00bbon|phone\u00a0\u00bb _builder_version=\u00a0\u00bb4.17.1&Prime; _module_preset=\u00a0\u00bbdefault\u00a0\u00bb custom_margin_tablet=\u00a0\u00bb\u00a0\u00bb custom_margin_phone=\u00a0\u00bb||||false|false\u00a0\u00bb custom_margin_last_edited=\u00a0\u00bbon|phone\u00a0\u00bb global_colors_info=\u00a0\u00bb{}\u00a0\u00bb]<iframe src=\"https:\/\/www.google.com\/maps\/embed?pb=!1m18!1m12!1m3!1d2795.2834255460293!2d10.811640676999422!3d45.524501771075!2m3!1f0!2f0!3f0!3m2!1i1024!2i768!4f13.1!3m3!1m2!1s0x4781eff4d4d3064f%3A0xc1ffe21ed01be468!2sDonatoni%20Macchine!5e0!3m2!1sit!2sit!4v1753275806117!5m2!1sit!2sit\" width=\"100%\" height=\"550\" style=\"border:0;\" allowfullscreen=\"\" loading=\"lazy\" referrerpolicy=\"no-referrer-when-downgrade\"><\/iframe>[\/et_pb_code][\/et_pb_column][\/et_pb_row][et_pb_row custom_padding_last_edited=\u00a0\u00bbon|phone\u00a0\u00bb _builder_version=\u00a0\u00bb4.27.4&Prime; _module_preset=\u00a0\u00bbdefault\u00a0\u00bb width_tablet=\u00a0\u00bb80%\u00a0\u00bb width_phone=\u00a0\u00bb80%\u00a0\u00bb width_last_edited=\u00a0\u00bbon|tablet\u00a0\u00bb module_alignment=\u00a0\u00bbcenter\u00a0\u00bb custom_margin=\u00a0\u00bb1%||||false|false\u00a0\u00bb custom_margin_tablet=\u00a0\u00bb1%||||false|false\u00a0\u00bb custom_margin_phone=\u00a0\u00bb0%||||false|false\u00a0\u00bb custom_margin_last_edited=\u00a0\u00bbon|phone\u00a0\u00bb custom_padding_tablet=\u00a0\u00bb\u00a0\u00bb custom_padding_phone=\u00a0\u00bb0px||0px||true|false\u00a0\u00bb global_colors_info=\u00a0\u00bb{}\u00a0\u00bb][et_pb_column type=\u00a0\u00bb4_4&Prime; _builder_version=\u00a0\u00bb4.17.1&Prime; _module_preset=\u00a0\u00bbdefault\u00a0\u00bb global_colors_info=\u00a0\u00bb{}\u00a0\u00bb][et_pb_button button_url=\u00a0\u00bb@ET-DC@eyJkeW5hbWljIjp0cnVlLCJjb250ZW50IjoicG9zdF9saW5rX3VybF9wYWdlIiwic2V0dGluZ3MiOnsicG9zdF9pZCI6IjIzNiJ9fQ==@\u00a0\u00bb button_text=\u00a0\u00bbPARTICIPEZ \u00c0 NOTRE SOIR\u00c9E\u00a0\u00bb button_alignment=\u00a0\u00bbcenter\u00a0\u00bb _builder_version=\u00a0\u00bb4.27.4&Prime; _dynamic_attributes=\u00a0\u00bbbutton_url\u00a0\u00bb _module_preset=\u00a0\u00bbdefault\u00a0\u00bb custom_button=\u00a0\u00bbon\u00a0\u00bb button_text_size=\u00a0\u00bb2em\u00a0\u00bb button_text_color=\u00a0\u00bb#FFFFFF\u00a0\u00bb button_bg_color=\u00a0\u00bb#082161&Prime; button_border_color=\u00a0\u00bb#70C2B4&Prime; button_border_radius=\u00a0\u00bb0px\u00a0\u00bb button_font=\u00a0\u00bbDonatoni Sana|||on|||||\u00a0\u00bb button_use_icon=\u00a0\u00bboff\u00a0\u00bb hover_transition_duration=\u00a0\u00bb500ms\u00a0\u00bb button_text_size_tablet=\u00a0\u00bb1.8em\u00a0\u00bb button_text_size_phone=\u00a0\u00bb1.2em\u00a0\u00bb button_text_size_last_edited=\u00a0\u00bbon|tablet\u00a0\u00bb box_shadow_style=\u00a0\u00bbpreset1&Prime; box_shadow_vertical=\u00a0\u00bb0px\u00a0\u00bb box_shadow_blur=\u00a0\u00bb0px\u00a0\u00bb box_shadow_spread=\u00a0\u00bb7px\u00a0\u00bb box_shadow_color=\u00a0\u00bbRGBA(255,255,255,0)\u00a0\u00bb box_shadow_spread_tablet=\u00a0\u00bb7px\u00a0\u00bb box_shadow_spread_phone=\u00a0\u00bb7px\u00a0\u00bb box_shadow_spread_last_edited=\u00a0\u00bbon|desktop\u00a0\u00bb box_shadow_color_last_edited=\u00a0\u00bboff|desktop\u00a0\u00bb global_colors_info=\u00a0\u00bb{}\u00a0\u00bb box_shadow_color__hover_enabled=\u00a0\u00bbon|hover\u00a0\u00bb box_shadow_color__hover=\u00a0\u00bb#70C2B4&Prime; box_shadow_blur__hover_enabled=\u00a0\u00bbon|hover\u00a0\u00bb box_shadow_blur__hover=\u00a0\u00bb20px\u00a0\u00bb transform_styles__hover_enabled=\u00a0\u00bbon|hover\u00a0\u00bb transform_scale__hover_enabled=\u00a0\u00bbon|hover\u00a0\u00bb transform_translate__hover_enabled=\u00a0\u00bbon|hover\u00a0\u00bb transform_rotate__hover_enabled=\u00a0\u00bbon|hover\u00a0\u00bb transform_skew__hover_enabled=\u00a0\u00bbon|hover\u00a0\u00bb transform_origin__hover_enabled=\u00a0\u00bbon|hover\u00a0\u00bb transform_scale__hover=\u00a0\u00bb105%|105%\u00a0\u00bb][\/et_pb_button][\/et_pb_column][\/et_pb_row][\/et_pb_section][et_pb_section fb_built=\u00a0\u00bb1&Prime; disabled_on=\u00a0\u00bboff|off|off\u00a0\u00bb module_id=\u00a0\u00bbstone-tech\u00a0\u00bb _builder_version=\u00a0\u00bb4.27.4&Prime; _module_preset=\u00a0\u00bbdefault\u00a0\u00bb background_enable_color=\u00a0\u00bboff\u00a0\u00bb background_image=\u00a0\u00bbhttps:\/\/event.donatonigroup.com\/wp-content\/uploads\/2025\/07\/Background_StoneTechDayTankyou.svg\u00a0\u00bb background_blend=\u00a0\u00bbmultiply\u00a0\u00bb global_colors_info=\u00a0\u00bb{}\u00a0\u00bb][et_pb_row custom_padding_last_edited=\u00a0\u00bbon|phone\u00a0\u00bb _builder_version=\u00a0\u00bb4.27.4&Prime; _module_preset=\u00a0\u00bbdefault\u00a0\u00bb custom_padding_tablet=\u00a0\u00bb\u00a0\u00bb custom_padding_phone=\u00a0\u00bb||0px||false|false\u00a0\u00bb global_colors_info=\u00a0\u00bb{}\u00a0\u00bb][et_pb_column type=\u00a0\u00bb4_4&Prime; _builder_version=\u00a0\u00bb4.17.1&Prime; _module_preset=\u00a0\u00bbdefault\u00a0\u00bb global_colors_info=\u00a0\u00bb{}\u00a0\u00bb][et_pb_text _builder_version=\u00a0\u00bb4.17.1&Prime; _module_preset=\u00a0\u00bbdefault\u00a0\u00bb header_2_font=\u00a0\u00bbDonatoni Sana|||on|||||\u00a0\u00bb header_2_text_color=\u00a0\u00bb#FFFFFF\u00a0\u00bb header_2_font_size=\u00a0\u00bb6em\u00a0\u00bb header_2_font_size_tablet=\u00a0\u00bb6em\u00a0\u00bb header_2_font_size_phone=\u00a0\u00bb3.7em\u00a0\u00bb header_2_font_size_last_edited=\u00a0\u00bbon|phone\u00a0\u00bb global_colors_info=\u00a0\u00bb{}\u00a0\u00bb]<\/p>\n<h2>d-wine<\/h2>\n<p>[\/et_pb_text][\/et_pb_column][\/et_pb_row][et_pb_row column_structure=\u00a0\u00bb1_4,3_4&Prime; custom_padding_last_edited=\u00a0\u00bbon|phone\u00a0\u00bb _builder_version=\u00a0\u00bb4.27.4&Prime; _module_preset=\u00a0\u00bbdefault\u00a0\u00bb custom_padding_tablet=\u00a0\u00bb\u00a0\u00bb custom_padding_phone=\u00a0\u00bb3%||||false|false\u00a0\u00bb global_colors_info=\u00a0\u00bb{}\u00a0\u00bb][et_pb_column type=\u00a0\u00bb1_4&Prime; _builder_version=\u00a0\u00bb4.17.1&Prime; _module_preset=\u00a0\u00bbdefault\u00a0\u00bb global_colors_info=\u00a0\u00bb{}\u00a0\u00bb][\/et_pb_column][et_pb_column type=\u00a0\u00bb3_4&Prime; _builder_version=\u00a0\u00bb4.17.1&Prime; _module_preset=\u00a0\u00bbdefault\u00a0\u00bb global_colors_info=\u00a0\u00bb{}\u00a0\u00bb][et_pb_blurb title=\u00a0\u00bb24 et 25 septembre 2025&Prime; image=\u00a0\u00bbhttps:\/\/event.donatonigroup.com\/wp-content\/uploads\/2025\/07\/diagonale-azzurra.webp\u00a0\u00bb icon_placement=\u00a0\u00bbleft\u00a0\u00bb content_max_width=\u00a0\u00bb100%\u00a0\u00bb image_icon_width_tablet=\u00a0\u00bb\u00a0\u00bb image_icon_width_phone=\u00a0\u00bb21px\u00a0\u00bb image_icon_width_last_edited=\u00a0\u00bbon|phone\u00a0\u00bb _builder_version=\u00a0\u00bb4.27.4&Prime; _module_preset=\u00a0\u00bbdefault\u00a0\u00bb header_font=\u00a0\u00bbDonatoni Sana||||||||\u00a0\u00bb header_text_color=\u00a0\u00bb#FFFFFF\u00a0\u00bb header_font_size=\u00a0\u00bb4em\u00a0\u00bb child_filter_hue_rotate=\u00a0\u00bb345deg\u00a0\u00bb child_filter_saturate=\u00a0\u00bb70%\u00a0\u00bb child_filter_brightness=\u00a0\u00bb135%\u00a0\u00bb header_font_size_tablet=\u00a0\u00bb4em\u00a0\u00bb header_font_size_phone=\u00a0\u00bb3em\u00a0\u00bb header_font_size_last_edited=\u00a0\u00bbon|phone\u00a0\u00bb global_colors_info=\u00a0\u00bb{}\u00a0\u00bb][\/et_pb_blurb][et_pb_text _builder_version=\u00a0\u00bb4.27.4&Prime; _module_preset=\u00a0\u00bbdefault\u00a0\u00bb text_font=\u00a0\u00bbNoto Sans||||||||\u00a0\u00bb text_text_color=\u00a0\u00bb#FFFFFF\u00a0\u00bb text_font_size=\u00a0\u00bb20px\u00a0\u00bb text_font_size_tablet=\u00a0\u00bb20px\u00a0\u00bb text_font_size_phone=\u00a0\u00bb16px\u00a0\u00bb text_font_size_last_edited=\u00a0\u00bbon|phone\u00a0\u00bb locked=\u00a0\u00bboff\u00a0\u00bb global_colors_info=\u00a0\u00bb{}\u00a0\u00bb]<\/p>\n<p data-start=\"758\" data-end=\"822\"><strong data-start=\"758\" data-end=\"822\">Les soir\u00e9es Dwine sont pens\u00e9es pour surprendre et enchanter:<\/strong><\/p>\n<ul data-start=\"823\" data-end=\"1176\">\n<li data-start=\"823\" data-end=\"893\">\n<p data-start=\"825\" data-end=\"893\"><strong data-start=\"825\" data-end=\"858\">D\u00e9gustation de vins<\/strong> anim\u00e9e par des vignerons experts<\/p>\n<\/li>\n<li><strong data-start=\"1026\" data-end=\"1048\">Espace food<\/strong> d\u00e9di\u00e9 aux excellences locales<\/li>\n<li data-start=\"894\" data-end=\"957\">\n<p data-start=\"896\" data-end=\"957\"><strong data-start=\"896\" data-end=\"924\">Musique live et DJ set<\/strong>, pour cr\u00e9er l\u2019ambiance parfaite<\/p>\n<\/li>\n<li data-start=\"958\" data-end=\"1023\">\n<p data-start=\"960\" data-end=\"1023\"><strong data-start=\"960\" data-end=\"981\">Cocktails signature<\/strong> pour se d\u00e9tendre entre amis<\/p>\n<\/li>\n<\/ul>\n<p>Une occasion unique de d\u00e9couvrir de nouvelles \u00e9tiquettes, de rencontrer les producteurs, de se laisser guider par des sp\u00e9cialistes et de savourer le meilleur de la tradition \u0153nogastronomique italienne.<\/p>\n<p>[\/et_pb_text][\/et_pb_column][\/et_pb_row][et_pb_row _builder_version=\u00a0\u00bb4.17.1&Prime; _module_preset=\u00a0\u00bbdefault\u00a0\u00bb global_colors_info=\u00a0\u00bb{}\u00a0\u00bb][et_pb_column type=\u00a0\u00bb4_4&Prime; _builder_version=\u00a0\u00bb4.17.1&Prime; _module_preset=\u00a0\u00bbdefault\u00a0\u00bb global_colors_info=\u00a0\u00bb{}\u00a0\u00bb][et_pb_button button_url=\u00a0\u00bb@ET-DC@eyJkeW5hbWljIjp0cnVlLCJjb250ZW50IjoicG9zdF9saW5rX3VybF9wYWdlIiwic2V0dGluZ3MiOnsicG9zdF9pZCI6IjIzNiJ9fQ==@\u00a0\u00bb button_text=\u00a0\u00bbPARTICIPEZ \u00c0 NOTRE SOIR\u00c9E\u00a0\u00bb button_alignment=\u00a0\u00bbcenter\u00a0\u00bb _builder_version=\u00a0\u00bb4.27.4&Prime; _dynamic_attributes=\u00a0\u00bbbutton_url\u00a0\u00bb _module_preset=\u00a0\u00bbdefault\u00a0\u00bb custom_button=\u00a0\u00bbon\u00a0\u00bb button_text_size=\u00a0\u00bb2em\u00a0\u00bb button_text_color=\u00a0\u00bb#FFFFFF\u00a0\u00bb button_bg_color=\u00a0\u00bb#101F46&Prime; button_border_color=\u00a0\u00bb#70C2B4&Prime; button_border_radius=\u00a0\u00bb0px\u00a0\u00bb button_font=\u00a0\u00bbDonatoni Sana|||on|||||\u00a0\u00bb button_use_icon=\u00a0\u00bboff\u00a0\u00bb hover_transition_duration=\u00a0\u00bb500ms\u00a0\u00bb button_text_size_tablet=\u00a0\u00bb2em\u00a0\u00bb button_text_size_phone=\u00a0\u00bb1.5em\u00a0\u00bb button_text_size_last_edited=\u00a0\u00bbon|phone\u00a0\u00bb box_shadow_style=\u00a0\u00bbpreset1&Prime; box_shadow_vertical=\u00a0\u00bb0px\u00a0\u00bb box_shadow_blur=\u00a0\u00bb0px\u00a0\u00bb box_shadow_spread=\u00a0\u00bb7px\u00a0\u00bb box_shadow_color=\u00a0\u00bbRGBA(255,255,255,0)\u00a0\u00bb box_shadow_spread_tablet=\u00a0\u00bb7px\u00a0\u00bb box_shadow_spread_phone=\u00a0\u00bb7px\u00a0\u00bb box_shadow_spread_last_edited=\u00a0\u00bbon|desktop\u00a0\u00bb box_shadow_color_last_edited=\u00a0\u00bboff|desktop\u00a0\u00bb locked=\u00a0\u00bboff\u00a0\u00bb global_colors_info=\u00a0\u00bb{}\u00a0\u00bb box_shadow_color__hover_enabled=\u00a0\u00bbon|hover\u00a0\u00bb box_shadow_color__hover=\u00a0\u00bb#70C2B4&Prime; box_shadow_blur__hover_enabled=\u00a0\u00bbon|hover\u00a0\u00bb box_shadow_blur__hover=\u00a0\u00bb20px\u00a0\u00bb transform_styles__hover_enabled=\u00a0\u00bbon|hover\u00a0\u00bb transform_scale__hover_enabled=\u00a0\u00bbon|hover\u00a0\u00bb transform_translate__hover_enabled=\u00a0\u00bbon|hover\u00a0\u00bb transform_rotate__hover_enabled=\u00a0\u00bbon|hover\u00a0\u00bb transform_skew__hover_enabled=\u00a0\u00bbon|hover\u00a0\u00bb transform_origin__hover_enabled=\u00a0\u00bbon|hover\u00a0\u00bb transform_scale__hover=\u00a0\u00bb105%|105%\u00a0\u00bb][\/et_pb_button][\/et_pb_column][\/et_pb_row][\/et_pb_section]<\/p>\n","protected":false},"excerpt":{"rendered":"<p>D-wine A journey Through Italian taste 24 et 25 september 2025Une exp\u00e9rience unique \u2014 un voyage \u00e0 travers les saveurs authentiques de notre tradition. Un \u00e9v\u00e9nement o\u00f9 le vin et la cuisine deviennent les v\u00e9ritables stars d\u2019une f\u00eate riche en plaisir. D-wine est une \u201cf\u00eate du go\u00fbt\u201d: une d\u00e9gustation guid\u00e9e entre caves s\u00e9lectionn\u00e9es, accompagn\u00e9e de [&hellip;]<\/p>\n","protected":false},"author":1,"featured_media":0,"parent":0,"menu_order":0,"comment_status":"closed","ping_status":"closed","template":"","meta":{"_et_pb_use_builder":"on","_et_pb_old_content":"","_et_gb_content_width":"","footnotes":""},"class_list":["post-502","page","type-page","status-publish","hentry"],"yoast_head":"<!-- This site is optimized with the Yoast SEO plugin v25.5 - https:\/\/yoast.com\/wordpress\/plugins\/seo\/ -->\n<title>D-Wine - Donatoni Group Event<\/title>\n<meta name=\"robots\" content=\"index, follow, max-snippet:-1, max-image-preview:large, max-video-preview:-1\" \/>\n<link rel=\"canonical\" href=\"https:\/\/event.donatonigroup.com\/fr\/\" \/>\n<meta property=\"og:locale\" content=\"fr_FR\" \/>\n<meta property=\"og:type\" content=\"article\" \/>\n<meta property=\"og:title\" content=\"D-Wine - Donatoni Group Event\" \/>\n<meta property=\"og:description\" content=\"D-wine A journey Through Italian taste 24 et 25 september 2025Une exp\u00e9rience unique \u2014 un voyage \u00e0 travers les saveurs authentiques de notre tradition. Un \u00e9v\u00e9nement o\u00f9 le vin et la cuisine deviennent les v\u00e9ritables stars d\u2019une f\u00eate riche en plaisir. D-wine est une \u201cf\u00eate du go\u00fbt\u201d: une d\u00e9gustation guid\u00e9e entre caves s\u00e9lectionn\u00e9es, accompagn\u00e9e de [&hellip;]\" \/>\n<meta property=\"og:url\" content=\"https:\/\/event.donatonigroup.com\/fr\/\" \/>\n<meta property=\"og:site_name\" content=\"Donatoni Group Event\" \/>\n<meta property=\"article:modified_time\" content=\"2025-07-31T13:32:50+00:00\" \/>\n<meta name=\"twitter:card\" content=\"summary_large_image\" \/>\n<meta name=\"twitter:label1\" content=\"Dur\u00e9e de lecture estim\u00e9e\" \/>\n\t<meta name=\"twitter:data1\" content=\"2 minutes\" \/>\n<script type=\"application\/ld+json\" class=\"yoast-schema-graph\">{\"@context\":\"https:\/\/schema.org\",\"@graph\":[{\"@type\":\"WebPage\",\"@id\":\"https:\/\/event.donatonigroup.com\/fr\/\",\"url\":\"https:\/\/event.donatonigroup.com\/fr\/\",\"name\":\"D-Wine - Donatoni Group Event\",\"isPartOf\":{\"@id\":\"https:\/\/event.donatonigroup.com\/fr\/#website\"},\"datePublished\":\"2025-07-23T13:08:02+00:00\",\"dateModified\":\"2025-07-31T13:32:50+00:00\",\"breadcrumb\":{\"@id\":\"https:\/\/event.donatonigroup.com\/fr\/#breadcrumb\"},\"inLanguage\":\"fr-FR\",\"potentialAction\":[{\"@type\":\"ReadAction\",\"target\":[\"https:\/\/event.donatonigroup.com\/fr\/\"]}]},{\"@type\":\"BreadcrumbList\",\"@id\":\"https:\/\/event.donatonigroup.com\/fr\/#breadcrumb\",\"itemListElement\":[{\"@type\":\"ListItem\",\"position\":1,\"name\":\"Home\",\"item\":\"https:\/\/event.donatonigroup.com\/fr\/\"},{\"@type\":\"ListItem\",\"position\":2,\"name\":\"D-Wine\"}]},{\"@type\":\"WebSite\",\"@id\":\"https:\/\/event.donatonigroup.com\/fr\/#website\",\"url\":\"https:\/\/event.donatonigroup.com\/fr\/\",\"name\":\"Donatoni Group Event\",\"description\":\"\",\"potentialAction\":[{\"@type\":\"SearchAction\",\"target\":{\"@type\":\"EntryPoint\",\"urlTemplate\":\"https:\/\/event.donatonigroup.com\/fr\/?s={search_term_string}\"},\"query-input\":{\"@type\":\"PropertyValueSpecification\",\"valueRequired\":true,\"valueName\":\"search_term_string\"}}],\"inLanguage\":\"fr-FR\"}]}<\/script>\n<!-- \/ Yoast SEO plugin. -->","yoast_head_json":{"title":"D-Wine - Donatoni Group Event","robots":{"index":"index","follow":"follow","max-snippet":"max-snippet:-1","max-image-preview":"max-image-preview:large","max-video-preview":"max-video-preview:-1"},"canonical":"https:\/\/event.donatonigroup.com\/fr\/","og_locale":"fr_FR","og_type":"article","og_title":"D-Wine - Donatoni Group Event","og_description":"D-wine A journey Through Italian taste 24 et 25 september 2025Une exp\u00e9rience unique \u2014 un voyage \u00e0 travers les saveurs authentiques de notre tradition. Un \u00e9v\u00e9nement o\u00f9 le vin et la cuisine deviennent les v\u00e9ritables stars d\u2019une f\u00eate riche en plaisir. D-wine est une \u201cf\u00eate du go\u00fbt\u201d: une d\u00e9gustation guid\u00e9e entre caves s\u00e9lectionn\u00e9es, accompagn\u00e9e de [&hellip;]","og_url":"https:\/\/event.donatonigroup.com\/fr\/","og_site_name":"Donatoni Group Event","article_modified_time":"2025-07-31T13:32:50+00:00","twitter_card":"summary_large_image","twitter_misc":{"Dur\u00e9e de lecture estim\u00e9e":"2 minutes"},"schema":{"@context":"https:\/\/schema.org","@graph":[{"@type":"WebPage","@id":"https:\/\/event.donatonigroup.com\/fr\/","url":"https:\/\/event.donatonigroup.com\/fr\/","name":"D-Wine - Donatoni Group Event","isPartOf":{"@id":"https:\/\/event.donatonigroup.com\/fr\/#website"},"datePublished":"2025-07-23T13:08:02+00:00","dateModified":"2025-07-31T13:32:50+00:00","breadcrumb":{"@id":"https:\/\/event.donatonigroup.com\/fr\/#breadcrumb"},"inLanguage":"fr-FR","potentialAction":[{"@type":"ReadAction","target":["https:\/\/event.donatonigroup.com\/fr\/"]}]},{"@type":"BreadcrumbList","@id":"https:\/\/event.donatonigroup.com\/fr\/#breadcrumb","itemListElement":[{"@type":"ListItem","position":1,"name":"Home","item":"https:\/\/event.donatonigroup.com\/fr\/"},{"@type":"ListItem","position":2,"name":"D-Wine"}]},{"@type":"WebSite","@id":"https:\/\/event.donatonigroup.com\/fr\/#website","url":"https:\/\/event.donatonigroup.com\/fr\/","name":"Donatoni Group Event","description":"","potentialAction":[{"@type":"SearchAction","target":{"@type":"EntryPoint","urlTemplate":"https:\/\/event.donatonigroup.com\/fr\/?s={search_term_string}"},"query-input":{"@type":"PropertyValueSpecification","valueRequired":true,"valueName":"search_term_string"}}],"inLanguage":"fr-FR"}]}},"_links":{"self":[{"href":"https:\/\/event.donatonigroup.com\/fr\/wp-json\/wp\/v2\/pages\/502","targetHints":{"allow":["GET"]}}],"collection":[{"href":"https:\/\/event.donatonigroup.com\/fr\/wp-json\/wp\/v2\/pages"}],"about":[{"href":"https:\/\/event.donatonigroup.com\/fr\/wp-json\/wp\/v2\/types\/page"}],"author":[{"embeddable":true,"href":"https:\/\/event.donatonigroup.com\/fr\/wp-json\/wp\/v2\/users\/1"}],"replies":[{"embeddable":true,"href":"https:\/\/event.donatonigroup.com\/fr\/wp-json\/wp\/v2\/comments?post=502"}],"version-history":[{"count":12,"href":"https:\/\/event.donatonigroup.com\/fr\/wp-json\/wp\/v2\/pages\/502\/revisions"}],"predecessor-version":[{"id":722,"href":"https:\/\/event.donatonigroup.com\/fr\/wp-json\/wp\/v2\/pages\/502\/revisions\/722"}],"wp:attachment":[{"href":"https:\/\/event.donatonigroup.com\/fr\/wp-json\/wp\/v2\/media?parent=502"}],"curies":[{"name":"wp","href":"https:\/\/api.w.org\/{rel}","templated":true}]}}