{"id":659,"date":"2025-07-23T17:22:49","date_gmt":"2025-07-23T15:22:49","guid":{"rendered":"https:\/\/event.donatonigroup.com\/evento\/d-wine-25-settembre\/"},"modified":"2025-09-16T10:56:07","modified_gmt":"2025-09-16T08:56:07","slug":"d-wine-25-septembre","status":"publish","type":"product","link":"https:\/\/event.donatonigroup.com\/fr\/\u00e9v\u00e9nement\/d-wine-25-septembre\/","title":{"rendered":"D-wine | 25 Septembre"},"content":{"rendered":"<h3>25 Septembre<\/h3>\n<p>&nbsp;<\/p>\n<h1><strong>D-wine \u2013 A journey Through Italian taste<\/strong><\/h1>\n<p>Les soir\u00e9es Dwine sont pens\u00e9es pour surprendre et enchanter:<\/p>\n<ul>\n<li><strong>D\u00e9gustation de vins<\/strong> anim\u00e9e par des vignerons experts<\/li>\n<li><strong>Espace food<\/strong> d\u00e9di\u00e9 aux excellences locales<\/li>\n<li><strong>Musique live et DJ set<\/strong>, pour cr\u00e9er l\u2019ambiance parfaite<\/li>\n<li><strong>Cocktails signature<\/strong> pour se d\u00e9tendre entre amis<\/li>\n<\/ul>\n<p>Une occasion unique de d\u00e9couvrir de nouvelles \u00e9tiquettes, de rencontrer les producteurs, de se laisser guider par des sp\u00e9cialistes et de savourer le meilleur de la tradition \u0153nogastronomique italienne.<\/p>\n<p>Ne manquez pas l\u2019occasion de c\u00e9l\u00e9brer avec nous l\u2019excellence de notre territoire!<\/p>\n<p><strong>Chez Donatoni Macchine Srl<\/strong><br \/>\nVia Napoleone 14, 37015<br \/>\nSant\u2019Ambrogio di Valpolicella (VR)<\/p>\n","protected":false},"excerpt":{"rendered":"<p>25 Septembre &nbsp; D-wine \u2013 A journey Through Italian taste Les soir\u00e9es Dwine sont pens\u00e9es pour surprendre et enchanter: D\u00e9gustation de vins anim\u00e9e par des vignerons experts Espace food d\u00e9di\u00e9 aux excellences locales Musique live et DJ set, pour cr\u00e9er l\u2019ambiance parfaite Cocktails signature pour se d\u00e9tendre entre amis Une occasion unique de d\u00e9couvrir de [&hellip;]<\/p>\n","protected":false},"featured_media":637,"template":"","meta":{"_et_pb_use_builder":"","_et_pb_old_content":"","_et_gb_content_width":""},"product_brand":[],"product_cat":[49],"product_tag":[],"class_list":{"0":"post-659","1":"product","2":"type-product","3":"status-publish","4":"has-post-thumbnail","6":"product_cat-non-categorise","8":"first","9":"instock","10":"shipping-taxable","11":"purchasable","12":"product-type-ticket-event"},"yoast_head":"<!-- This site is optimized with the Yoast SEO plugin v25.5 - https:\/\/yoast.com\/wordpress\/plugins\/seo\/ -->\n<title>D-wine | 25 Septembre - Donatoni Group Event<\/title>\n<meta name=\"robots\" content=\"index, follow, max-snippet:-1, max-image-preview:large, max-video-preview:-1\" \/>\n<link rel=\"canonical\" href=\"https:\/\/event.donatonigroup.com\/fr\/\u00e9v\u00e9nement\/d-wine-25-septembre\/\" \/>\n<meta property=\"og:locale\" content=\"fr_FR\" \/>\n<meta property=\"og:type\" content=\"article\" \/>\n<meta property=\"og:title\" content=\"D-wine | 25 Septembre - Donatoni Group Event\" \/>\n<meta property=\"og:description\" content=\"25 Septembre &nbsp; D-wine \u2013 A journey Through Italian taste Les soir\u00e9es Dwine sont pens\u00e9es pour surprendre et enchanter: D\u00e9gustation de vins anim\u00e9e par des vignerons experts Espace food d\u00e9di\u00e9 aux excellences locales Musique live et DJ set, pour cr\u00e9er l\u2019ambiance parfaite Cocktails signature pour se d\u00e9tendre entre amis Une occasion unique de d\u00e9couvrir de [&hellip;]\" \/>\n<meta property=\"og:url\" content=\"https:\/\/event.donatonigroup.com\/fr\/\u00e9v\u00e9nement\/d-wine-25-septembre\/\" \/>\n<meta property=\"og:site_name\" content=\"Donatoni Group Event\" \/>\n<meta property=\"article:modified_time\" content=\"2025-09-16T08:56:07+00:00\" \/>\n<meta name=\"twitter:card\" content=\"summary_large_image\" \/>\n<meta name=\"twitter:label1\" content=\"Dur\u00e9e de lecture estim\u00e9e\" \/>\n\t<meta name=\"twitter:data1\" content=\"1 minute\" \/>\n<script type=\"application\/ld+json\" class=\"yoast-schema-graph\">{\"@context\":\"https:\/\/schema.org\",\"@graph\":[{\"@type\":\"WebPage\",\"@id\":\"https:\/\/event.donatonigroup.com\/fr\/\u00e9v\u00e9nement\/d-wine-25-septembre\/\",\"url\":\"https:\/\/event.donatonigroup.com\/fr\/\u00e9v\u00e9nement\/d-wine-25-septembre\/\",\"name\":\"D-wine | 25 Septembre - Donatoni Group Event\",\"isPartOf\":{\"@id\":\"https:\/\/event.donatonigroup.com\/fr\/#website\"},\"primaryImageOfPage\":{\"@id\":\"https:\/\/event.donatonigroup.com\/fr\/\u00e9v\u00e9nement\/d-wine-25-septembre\/#primaryimage\"},\"image\":{\"@id\":\"https:\/\/event.donatonigroup.com\/fr\/\u00e9v\u00e9nement\/d-wine-25-septembre\/#primaryimage\"},\"thumbnailUrl\":\"https:\/\/event.donatonigroup.com\/wp-content\/uploads\/2025\/07\/Homepage_Dwine_orizzontale.svg\",\"datePublished\":\"2025-07-23T15:22:49+00:00\",\"dateModified\":\"2025-09-16T08:56:07+00:00\",\"breadcrumb\":{\"@id\":\"https:\/\/event.donatonigroup.com\/fr\/\u00e9v\u00e9nement\/d-wine-25-septembre\/#breadcrumb\"},\"inLanguage\":\"fr-FR\",\"potentialAction\":[{\"@type\":\"ReadAction\",\"target\":[\"https:\/\/event.donatonigroup.com\/fr\/\u00e9v\u00e9nement\/d-wine-25-septembre\/\"]}]},{\"@type\":\"ImageObject\",\"inLanguage\":\"fr-FR\",\"@id\":\"https:\/\/event.donatonigroup.com\/fr\/\u00e9v\u00e9nement\/d-wine-25-septembre\/#primaryimage\",\"url\":\"https:\/\/event.donatonigroup.com\/wp-content\/uploads\/2025\/07\/Homepage_Dwine_orizzontale.svg\",\"contentUrl\":\"https:\/\/event.donatonigroup.com\/wp-content\/uploads\/2025\/07\/Homepage_Dwine_orizzontale.svg\",\"width\":1920,\"height\":1080},{\"@type\":\"BreadcrumbList\",\"@id\":\"https:\/\/event.donatonigroup.com\/fr\/\u00e9v\u00e9nement\/d-wine-25-septembre\/#breadcrumb\",\"itemListElement\":[{\"@type\":\"ListItem\",\"position\":1,\"name\":\"Home\",\"item\":\"https:\/\/event.donatonigroup.com\/fr\/\"},{\"@type\":\"ListItem\",\"position\":2,\"name\":\"R\u00e9server un billet\",\"item\":\"https:\/\/event.donatonigroup.com\/prenota-biglietto\/\"},{\"@type\":\"ListItem\",\"position\":3,\"name\":\"D-wine | 25 Septembre\"}]},{\"@type\":\"WebSite\",\"@id\":\"https:\/\/event.donatonigroup.com\/fr\/#website\",\"url\":\"https:\/\/event.donatonigroup.com\/fr\/\",\"name\":\"Donatoni Group Event\",\"description\":\"\",\"potentialAction\":[{\"@type\":\"SearchAction\",\"target\":{\"@type\":\"EntryPoint\",\"urlTemplate\":\"https:\/\/event.donatonigroup.com\/fr\/?s={search_term_string}\"},\"query-input\":{\"@type\":\"PropertyValueSpecification\",\"valueRequired\":true,\"valueName\":\"search_term_string\"}}],\"inLanguage\":\"fr-FR\"}]}<\/script>\n<!-- \/ Yoast SEO plugin. -->","yoast_head_json":{"title":"D-wine | 25 Septembre - Donatoni Group Event","robots":{"index":"index","follow":"follow","max-snippet":"max-snippet:-1","max-image-preview":"max-image-preview:large","max-video-preview":"max-video-preview:-1"},"canonical":"https:\/\/event.donatonigroup.com\/fr\/\u00e9v\u00e9nement\/d-wine-25-septembre\/","og_locale":"fr_FR","og_type":"article","og_title":"D-wine | 25 Septembre - Donatoni Group Event","og_description":"25 Septembre &nbsp; D-wine \u2013 A journey Through Italian taste Les soir\u00e9es Dwine sont pens\u00e9es pour surprendre et enchanter: D\u00e9gustation de vins anim\u00e9e par des vignerons experts Espace food d\u00e9di\u00e9 aux excellences locales Musique live et DJ set, pour cr\u00e9er l\u2019ambiance parfaite Cocktails signature pour se d\u00e9tendre entre amis Une occasion unique de d\u00e9couvrir de [&hellip;]","og_url":"https:\/\/event.donatonigroup.com\/fr\/\u00e9v\u00e9nement\/d-wine-25-septembre\/","og_site_name":"Donatoni Group Event","article_modified_time":"2025-09-16T08:56:07+00:00","twitter_card":"summary_large_image","twitter_misc":{"Dur\u00e9e de lecture estim\u00e9e":"1 minute"},"schema":{"@context":"https:\/\/schema.org","@graph":[{"@type":"WebPage","@id":"https:\/\/event.donatonigroup.com\/fr\/\u00e9v\u00e9nement\/d-wine-25-septembre\/","url":"https:\/\/event.donatonigroup.com\/fr\/\u00e9v\u00e9nement\/d-wine-25-septembre\/","name":"D-wine | 25 Septembre - Donatoni Group Event","isPartOf":{"@id":"https:\/\/event.donatonigroup.com\/fr\/#website"},"primaryImageOfPage":{"@id":"https:\/\/event.donatonigroup.com\/fr\/\u00e9v\u00e9nement\/d-wine-25-septembre\/#primaryimage"},"image":{"@id":"https:\/\/event.donatonigroup.com\/fr\/\u00e9v\u00e9nement\/d-wine-25-septembre\/#primaryimage"},"thumbnailUrl":"https:\/\/event.donatonigroup.com\/wp-content\/uploads\/2025\/07\/Homepage_Dwine_orizzontale.svg","datePublished":"2025-07-23T15:22:49+00:00","dateModified":"2025-09-16T08:56:07+00:00","breadcrumb":{"@id":"https:\/\/event.donatonigroup.com\/fr\/\u00e9v\u00e9nement\/d-wine-25-septembre\/#breadcrumb"},"inLanguage":"fr-FR","potentialAction":[{"@type":"ReadAction","target":["https:\/\/event.donatonigroup.com\/fr\/\u00e9v\u00e9nement\/d-wine-25-septembre\/"]}]},{"@type":"ImageObject","inLanguage":"fr-FR","@id":"https:\/\/event.donatonigroup.com\/fr\/\u00e9v\u00e9nement\/d-wine-25-septembre\/#primaryimage","url":"https:\/\/event.donatonigroup.com\/wp-content\/uploads\/2025\/07\/Homepage_Dwine_orizzontale.svg","contentUrl":"https:\/\/event.donatonigroup.com\/wp-content\/uploads\/2025\/07\/Homepage_Dwine_orizzontale.svg","width":1920,"height":1080},{"@type":"BreadcrumbList","@id":"https:\/\/event.donatonigroup.com\/fr\/\u00e9v\u00e9nement\/d-wine-25-septembre\/#breadcrumb","itemListElement":[{"@type":"ListItem","position":1,"name":"Home","item":"https:\/\/event.donatonigroup.com\/fr\/"},{"@type":"ListItem","position":2,"name":"R\u00e9server un billet","item":"https:\/\/event.donatonigroup.com\/prenota-biglietto\/"},{"@type":"ListItem","position":3,"name":"D-wine | 25 Septembre"}]},{"@type":"WebSite","@id":"https:\/\/event.donatonigroup.com\/fr\/#website","url":"https:\/\/event.donatonigroup.com\/fr\/","name":"Donatoni Group Event","description":"","potentialAction":[{"@type":"SearchAction","target":{"@type":"EntryPoint","urlTemplate":"https:\/\/event.donatonigroup.com\/fr\/?s={search_term_string}"},"query-input":{"@type":"PropertyValueSpecification","valueRequired":true,"valueName":"search_term_string"}}],"inLanguage":"fr-FR"}]}},"_links":{"self":[{"href":"https:\/\/event.donatonigroup.com\/fr\/wp-json\/wp\/v2\/product\/659","targetHints":{"allow":["GET"]}}],"collection":[{"href":"https:\/\/event.donatonigroup.com\/fr\/wp-json\/wp\/v2\/product"}],"about":[{"href":"https:\/\/event.donatonigroup.com\/fr\/wp-json\/wp\/v2\/types\/product"}],"wp:featuredmedia":[{"embeddable":true,"href":"https:\/\/event.donatonigroup.com\/fr\/wp-json\/wp\/v2\/media\/637"}],"wp:attachment":[{"href":"https:\/\/event.donatonigroup.com\/fr\/wp-json\/wp\/v2\/media?parent=659"}],"wp:term":[{"taxonomy":"product_brand","embeddable":true,"href":"https:\/\/event.donatonigroup.com\/fr\/wp-json\/wp\/v2\/product_brand?post=659"},{"taxonomy":"product_cat","embeddable":true,"href":"https:\/\/event.donatonigroup.com\/fr\/wp-json\/wp\/v2\/product_cat?post=659"},{"taxonomy":"product_tag","embeddable":true,"href":"https:\/\/event.donatonigroup.com\/fr\/wp-json\/wp\/v2\/product_tag?post=659"}],"curies":[{"name":"wp","href":"https:\/\/api.w.org\/{rel}","templated":true}]}}