{"id":529,"date":"2025-07-23T15:08:02","date_gmt":"2025-07-23T13:08:02","guid":{"rendered":"https:\/\/event.donatonigroup.com\/d-wine\/"},"modified":"2025-07-31T15:40:56","modified_gmt":"2025-07-31T13:40:56","slug":"d-wine","status":"publish","type":"page","link":"https:\/\/event.donatonigroup.com\/pt-pt\/","title":{"rendered":"D-Wine"},"content":{"rendered":"<p>[et_pb_section fb_built=&#8221;1&#8243; _builder_version=&#8221;4.27.4&#8243; _module_preset=&#8221;default&#8221; background_image=&#8221;https:\/\/event.donatonigroup.com\/wp-content\/uploads\/2025\/07\/Homepage_Dwine_orizzontale.svg&#8221; height=&#8221;90vh&#8221; height_tablet=&#8221;70vh&#8221; height_phone=&#8221;60vh&#8221; height_last_edited=&#8221;on|phone&#8221; background_last_edited=&#8221;on|tablet&#8221; background_image_tablet=&#8221;https:\/\/event.donatonigroup.com\/wp-content\/uploads\/2025\/07\/Homepage_Dwine_verticale.svg&#8221; background_enable_image_tablet=&#8221;on&#8221; global_colors_info=&#8221;{}&#8221;][\/et_pb_section][et_pb_section fb_built=&#8221;1&#8243; disabled_on=&#8221;off|off|off&#8221; _builder_version=&#8221;4.17.1&#8243; _module_preset=&#8221;default&#8221; background_color=&#8221;rgba(150,150,150,0.15)&#8221; global_colors_info=&#8221;{}&#8221;][et_pb_row custom_padding_last_edited=&#8221;on|phone&#8221; _builder_version=&#8221;4.27.4&#8243; _module_preset=&#8221;default&#8221; custom_padding_tablet=&#8221;&#8221; custom_padding_phone=&#8221;0px||3%||false|false&#8221; global_colors_info=&#8221;{}&#8221;][et_pb_column type=&#8221;4_4&#8243; _builder_version=&#8221;4.17.1&#8243; _module_preset=&#8221;default&#8221; global_colors_info=&#8221;{}&#8221;][et_pb_text _builder_version=&#8221;4.27.4&#8243; _module_preset=&#8221;default&#8221; header_font=&#8221;Donatoni Sana|||on|||||&#8221; header_text_color=&#8221;#70C2B4&#8243; header_font_size=&#8221;5em&#8221; hover_enabled=&#8221;0&#8243; header_font_size_tablet=&#8221;3.5em&#8221; header_font_size_phone=&#8221;2em&#8221; header_font_size_last_edited=&#8221;on|phone&#8221; header_line_height_tablet=&#8221;&#8221; header_line_height_phone=&#8221;1.1em&#8221; header_line_height_last_edited=&#8221;on|phone&#8221; global_colors_info=&#8221;{}&#8221; sticky_enabled=&#8221;0&#8243;]<\/p>\n<h1>D-wine<\/h1>\n<h1>A journey Through Italian taste<\/h1>\n<h1><\/h1>\n<h1><\/h1>\n<h1>24 e 25 de setembro<\/h1>\n<p>[\/et_pb_text][\/et_pb_column][\/et_pb_row][et_pb_row custom_padding_last_edited=&#8221;on|tablet&#8221; _builder_version=&#8221;4.27.4&#8243; _module_preset=&#8221;default&#8221; custom_padding_tablet=&#8221;||0px||false|false&#8221; custom_padding_phone=&#8221;0px||0px||false|false&#8221; global_colors_info=&#8221;{}&#8221;][et_pb_column type=&#8221;4_4&#8243; _builder_version=&#8221;4.17.1&#8243; _module_preset=&#8221;default&#8221; global_colors_info=&#8221;{}&#8221;][et_pb_text _builder_version=&#8221;4.27.4&#8243; _module_preset=&#8221;default&#8221; text_font=&#8221;Noto Sans||||||||&#8221; text_text_color=&#8221;#000000&#8243; text_font_size=&#8221;20px&#8221; text_font_size_tablet=&#8221;20px&#8221; text_font_size_phone=&#8221;16px&#8221; text_font_size_last_edited=&#8221;on|phone&#8221; global_colors_info=&#8221;{}&#8221;]<\/p>\n<p>Uma experi\u00eancia \u00fanica \u2014 uma viagem pelos sabores aut\u00eanticos da nossa tradi\u00e7\u00e3o.<\/p>\n<p>Um evento onde o vinho e a culin\u00e1ria se tornam os verdadeiros protagonistas de uma festa repleta de divers\u00e3o.<\/p>\n<p><strong>A D-wine \u00e9 uma \u201cfesta do paladar\u201d<\/strong>: uma degusta\u00e7\u00e3o guiada com vin\u00edcolas selecionadas, acompanhada por pratos t\u00edpicos italianos, tudo enriquecido com m\u00fasica, coquet\u00e9is e muito entretenimento.<\/p>\n<p>N\u00e3o perca a oportunidade de celebrar conosco a excel\u00eancia do nosso territ\u00f3rio!<\/p>\n<p>[\/et_pb_text][et_pb_text _builder_version=&#8221;4.27.4&#8243; _module_preset=&#8221;default&#8221; text_font=&#8221;Noto Sans||||||||&#8221; text_text_color=&#8221;#000000&#8243; text_font_size=&#8221;20px&#8221; text_font_size_tablet=&#8221;20px&#8221; text_font_size_phone=&#8221;16px&#8221; text_font_size_last_edited=&#8221;on|phone&#8221; global_colors_info=&#8221;{}&#8221;]<\/p>\n<p><strong>Local: Donatoni Macchine Srl<\/strong><br \/>Via Napoleone 14, 37015<br \/>Sant\u2019Ambrogio di Valpolicella (VR)<\/p>\n<p>[\/et_pb_text][\/et_pb_column][\/et_pb_row][et_pb_row _builder_version=&#8221;4.17.1&#8243; _module_preset=&#8221;default&#8221; custom_margin=&#8221;3%||||false|false&#8221; custom_margin_tablet=&#8221;3%||||false|false&#8221; custom_margin_phone=&#8221;10%||12%||false|false&#8221; custom_margin_last_edited=&#8221;on|phone&#8221; custom_padding=&#8221;0px||0px||true|false&#8221; box_shadow_style=&#8221;preset2&#8243; box_shadow_spread=&#8221;15px&#8221; global_colors_info=&#8221;{}&#8221;][et_pb_column type=&#8221;4_4&#8243; _builder_version=&#8221;4.17.1&#8243; _module_preset=&#8221;default&#8221; global_colors_info=&#8221;{}&#8221;][et_pb_code raw_content_tablet=&#8221;<iframe src=%22https:\/\/www.google.com\/maps\/embed?pb=!1m18!1m12!1m3!1d2795.2834255460293!2d10.811640676999422!3d45.524501771075!2m3!1f0!2f0!3f0!3m2!1i1024!2i768!4f13.1!3m3!1m2!1s0x4781eff4d4d3064f%3A0xc1ffe21ed01be468!2sDonatoni%20Macchine!5e0!3m2!1sit!2sit!4v1753275806117!5m2!1sit!2sit%22 width=%22100%%22 height=%22450%22 style=%22border:0;%22 allowfullscreen=%22%22 loading=%22lazy%22 referrerpolicy=%22no-referrer-when-downgrade%22><\/iframe>&#8221; raw_content_phone=&#8221;<iframe src=%22https:\/\/www.google.com\/maps\/embed?pb=!1m18!1m12!1m3!1d2795.2834255460293!2d10.811640676999422!3d45.524501771075!2m3!1f0!2f0!3f0!3m2!1i1024!2i768!4f13.1!3m3!1m2!1s0x4781eff4d4d3064f%3A0xc1ffe21ed01be468!2sDonatoni%20Macchine!5e0!3m2!1sit!2sit!4v1753275806117!5m2!1sit!2sit%22 width=%22100%%22 height=%22350%22 style=%22border:0;%22 allowfullscreen=%22%22 loading=%22lazy%22 referrerpolicy=%22no-referrer-when-downgrade%22><\/iframe>&#8221; raw_content_last_edited=&#8221;on|phone&#8221; _builder_version=&#8221;4.17.1&#8243; _module_preset=&#8221;default&#8221; custom_margin_tablet=&#8221;&#8221; custom_margin_phone=&#8221;||||false|false&#8221; custom_margin_last_edited=&#8221;on|phone&#8221; global_colors_info=&#8221;{}&#8221;]<iframe src=\"https:\/\/www.google.com\/maps\/embed?pb=!1m18!1m12!1m3!1d2795.2834255460293!2d10.811640676999422!3d45.524501771075!2m3!1f0!2f0!3f0!3m2!1i1024!2i768!4f13.1!3m3!1m2!1s0x4781eff4d4d3064f%3A0xc1ffe21ed01be468!2sDonatoni%20Macchine!5e0!3m2!1sit!2sit!4v1753275806117!5m2!1sit!2sit\" width=\"100%\" height=\"550\" style=\"border:0;\" allowfullscreen=\"\" loading=\"lazy\" referrerpolicy=\"no-referrer-when-downgrade\"><\/iframe>[\/et_pb_code][\/et_pb_column][\/et_pb_row][et_pb_row custom_padding_last_edited=&#8221;on|phone&#8221; _builder_version=&#8221;4.27.4&#8243; _module_preset=&#8221;default&#8221; width_tablet=&#8221;80%&#8221; width_phone=&#8221;80%&#8221; width_last_edited=&#8221;on|tablet&#8221; module_alignment=&#8221;center&#8221; custom_margin=&#8221;1%||||false|false&#8221; custom_margin_tablet=&#8221;1%||||false|false&#8221; custom_margin_phone=&#8221;0%||||false|false&#8221; custom_margin_last_edited=&#8221;on|phone&#8221; custom_padding_tablet=&#8221;&#8221; custom_padding_phone=&#8221;0px||0px||true|false&#8221; global_colors_info=&#8221;{}&#8221;][et_pb_column type=&#8221;4_4&#8243; _builder_version=&#8221;4.17.1&#8243; _module_preset=&#8221;default&#8221; global_colors_info=&#8221;{}&#8221;][et_pb_button button_url=&#8221;@ET-DC@eyJkeW5hbWljIjp0cnVlLCJjb250ZW50IjoicG9zdF9saW5rX3VybF9wYWdlIiwic2V0dGluZ3MiOnsicG9zdF9pZCI6IjIzNiIsImVuYWJsZV9odG1sIjoib2ZmIn19@&#8221; button_text=&#8221;PARTICIPE DA NOSSA NOITE&#8221; button_alignment=&#8221;center&#8221; _builder_version=&#8221;4.27.4&#8243; _dynamic_attributes=&#8221;button_url&#8221; _module_preset=&#8221;default&#8221; custom_button=&#8221;on&#8221; button_text_size=&#8221;2em&#8221; button_text_color=&#8221;#FFFFFF&#8221; button_bg_color=&#8221;#082161&#8243; button_border_color=&#8221;#70C2B4&#8243; button_border_radius=&#8221;0px&#8221; button_font=&#8221;Donatoni Sana|||on|||||&#8221; button_use_icon=&#8221;off&#8221; hover_transition_duration=&#8221;500ms&#8221; button_text_size_tablet=&#8221;1.8em&#8221; button_text_size_phone=&#8221;1.2em&#8221; button_text_size_last_edited=&#8221;on|tablet&#8221; box_shadow_style=&#8221;preset1&#8243; box_shadow_vertical=&#8221;0px&#8221; box_shadow_blur=&#8221;0px&#8221; box_shadow_spread=&#8221;7px&#8221; box_shadow_color=&#8221;RGBA(255,255,255,0)&#8221; box_shadow_spread_tablet=&#8221;7px&#8221; box_shadow_spread_phone=&#8221;7px&#8221; box_shadow_spread_last_edited=&#8221;on|desktop&#8221; box_shadow_color_last_edited=&#8221;off|desktop&#8221; global_colors_info=&#8221;{}&#8221; box_shadow_color__hover_enabled=&#8221;on|hover&#8221; box_shadow_color__hover=&#8221;#70C2B4&#8243; box_shadow_blur__hover_enabled=&#8221;on|hover&#8221; box_shadow_blur__hover=&#8221;20px&#8221; transform_styles__hover_enabled=&#8221;on|hover&#8221; transform_scale__hover_enabled=&#8221;on|hover&#8221; transform_translate__hover_enabled=&#8221;on|hover&#8221; transform_rotate__hover_enabled=&#8221;on|hover&#8221; transform_skew__hover_enabled=&#8221;on|hover&#8221; transform_origin__hover_enabled=&#8221;on|hover&#8221; transform_scale__hover=&#8221;105%|105%&#8221;][\/et_pb_button][\/et_pb_column][\/et_pb_row][\/et_pb_section][et_pb_section fb_built=&#8221;1&#8243; disabled_on=&#8221;off|off|off&#8221; module_id=&#8221;stone-tech&#8221; _builder_version=&#8221;4.27.4&#8243; _module_preset=&#8221;default&#8221; background_enable_color=&#8221;off&#8221; background_image=&#8221;https:\/\/event.donatonigroup.com\/wp-content\/uploads\/2025\/07\/Background_StoneTechDayTankyou.svg&#8221; background_blend=&#8221;multiply&#8221; global_colors_info=&#8221;{}&#8221;][et_pb_row custom_padding_last_edited=&#8221;on|phone&#8221; _builder_version=&#8221;4.27.4&#8243; _module_preset=&#8221;default&#8221; custom_padding_tablet=&#8221;&#8221; custom_padding_phone=&#8221;||0px||false|false&#8221; global_colors_info=&#8221;{}&#8221;][et_pb_column type=&#8221;4_4&#8243; _builder_version=&#8221;4.17.1&#8243; _module_preset=&#8221;default&#8221; global_colors_info=&#8221;{}&#8221;][et_pb_text _builder_version=&#8221;4.17.1&#8243; _module_preset=&#8221;default&#8221; header_2_font=&#8221;Donatoni Sana|||on|||||&#8221; header_2_text_color=&#8221;#FFFFFF&#8221; header_2_font_size=&#8221;6em&#8221; header_2_font_size_tablet=&#8221;6em&#8221; header_2_font_size_phone=&#8221;3.7em&#8221; header_2_font_size_last_edited=&#8221;on|phone&#8221; global_colors_info=&#8221;{}&#8221;]<\/p>\n<h2>d-wine<\/h2>\n<p>[\/et_pb_text][\/et_pb_column][\/et_pb_row][et_pb_row column_structure=&#8221;1_4,3_4&#8243; custom_padding_last_edited=&#8221;on|phone&#8221; _builder_version=&#8221;4.27.4&#8243; _module_preset=&#8221;default&#8221; custom_padding_tablet=&#8221;&#8221; custom_padding_phone=&#8221;3%||||false|false&#8221; global_colors_info=&#8221;{}&#8221;][et_pb_column type=&#8221;1_4&#8243; _builder_version=&#8221;4.17.1&#8243; _module_preset=&#8221;default&#8221; global_colors_info=&#8221;{}&#8221;][\/et_pb_column][et_pb_column type=&#8221;3_4&#8243; _builder_version=&#8221;4.17.1&#8243; _module_preset=&#8221;default&#8221; global_colors_info=&#8221;{}&#8221;][et_pb_blurb title=&#8221;24 e 25 de setembro de 2025&#8243; image=&#8221;https:\/\/event.donatonigroup.com\/wp-content\/uploads\/2025\/07\/diagonale-azzurra.webp&#8221; icon_placement=&#8221;left&#8221; content_max_width=&#8221;100%&#8221; image_icon_width_tablet=&#8221;&#8221; image_icon_width_phone=&#8221;21px&#8221; image_icon_width_last_edited=&#8221;on|phone&#8221; _builder_version=&#8221;4.27.4&#8243; _module_preset=&#8221;default&#8221; header_font=&#8221;Donatoni Sana||||||||&#8221; header_text_color=&#8221;#FFFFFF&#8221; header_font_size=&#8221;4em&#8221; child_filter_hue_rotate=&#8221;345deg&#8221; child_filter_saturate=&#8221;70%&#8221; child_filter_brightness=&#8221;135%&#8221; hover_enabled=&#8221;0&#8243; header_font_size_tablet=&#8221;4em&#8221; header_font_size_phone=&#8221;3em&#8221; header_font_size_last_edited=&#8221;on|phone&#8221; global_colors_info=&#8221;{}&#8221; sticky_enabled=&#8221;0&#8243;][\/et_pb_blurb][et_pb_text _builder_version=&#8221;4.27.4&#8243; _module_preset=&#8221;default&#8221; text_font=&#8221;Noto Sans||||||||&#8221; text_text_color=&#8221;#FFFFFF&#8221; text_font_size=&#8221;20px&#8221; text_font_size_tablet=&#8221;20px&#8221; text_font_size_phone=&#8221;16px&#8221; text_font_size_last_edited=&#8221;on|phone&#8221; locked=&#8221;off&#8221; global_colors_info=&#8221;{}&#8221;]<\/p>\n<p data-start=\"758\" data-end=\"822\"><strong data-start=\"758\" data-end=\"822\">As noites Dwine s\u00e3o planejadas para surpreender e envolver:<\/strong><\/p>\n<ul data-start=\"823\" data-end=\"1176\">\n<li data-start=\"823\" data-end=\"893\">\n<p data-start=\"825\" data-end=\"893\"><strong data-start=\"825\" data-end=\"858\">Degusta\u00e7\u00e3o de vinhos <\/strong>conduzida por especialistas das vin\u00edcolas<\/p>\n<\/li>\n<li><strong data-start=\"1026\" data-end=\"1048\">Espa\u00e7o gastron\u00f4mico<\/strong> dedicado \u00e0s melhores experi\u00eancias locais<\/li>\n<li data-start=\"894\" data-end=\"957\">\n<p data-start=\"896\" data-end=\"957\"><strong data-start=\"896\" data-end=\"924\">M\u00fasica ao vivo e DJ set <\/strong>para criar a atmosfera perfeita<\/p>\n<\/li>\n<li data-start=\"958\" data-end=\"1023\">\n<p data-start=\"960\" data-end=\"1023\"><strong data-start=\"960\" data-end=\"981\">Coquet\u00e9is autorais<\/strong> para relaxar em boa companhia<\/p>\n<\/li>\n<\/ul>\n<p>Uma oportunidade \u00fanica para descobrir novos r\u00f3tulos, conhecer os produtores, ser guiado por especialistas e apreciar o que h\u00e1 de melhor na tradi\u00e7\u00e3o enogastron\u00f4mica italiana.<\/p>\n<p>[\/et_pb_text][\/et_pb_column][\/et_pb_row][et_pb_row _builder_version=&#8221;4.17.1&#8243; _module_preset=&#8221;default&#8221; global_colors_info=&#8221;{}&#8221;][et_pb_column type=&#8221;4_4&#8243; _builder_version=&#8221;4.17.1&#8243; _module_preset=&#8221;default&#8221; global_colors_info=&#8221;{}&#8221;][et_pb_button button_url=&#8221;@ET-DC@eyJkeW5hbWljIjp0cnVlLCJjb250ZW50IjoicG9zdF9saW5rX3VybF9wYWdlIiwic2V0dGluZ3MiOnsicG9zdF9pZCI6IjIzNiIsImVuYWJsZV9odG1sIjoib2ZmIn19@&#8221; button_text=&#8221;PARTICIPE DA NOSSA NOITE&#8221; button_alignment=&#8221;center&#8221; _builder_version=&#8221;4.27.4&#8243; _dynamic_attributes=&#8221;button_url&#8221; _module_preset=&#8221;default&#8221; custom_button=&#8221;on&#8221; button_text_size=&#8221;2em&#8221; button_text_color=&#8221;#FFFFFF&#8221; button_bg_color=&#8221;#101F46&#8243; button_border_color=&#8221;#70C2B4&#8243; button_border_radius=&#8221;0px&#8221; button_font=&#8221;Donatoni Sana|||on|||||&#8221; button_use_icon=&#8221;off&#8221; hover_transition_duration=&#8221;500ms&#8221; button_text_size_tablet=&#8221;2em&#8221; button_text_size_phone=&#8221;1.5em&#8221; button_text_size_last_edited=&#8221;on|phone&#8221; box_shadow_style=&#8221;preset1&#8243; box_shadow_vertical=&#8221;0px&#8221; box_shadow_blur=&#8221;0px&#8221; box_shadow_spread=&#8221;7px&#8221; box_shadow_color=&#8221;RGBA(255,255,255,0)&#8221; box_shadow_spread_tablet=&#8221;7px&#8221; box_shadow_spread_phone=&#8221;7px&#8221; box_shadow_spread_last_edited=&#8221;on|desktop&#8221; box_shadow_color_last_edited=&#8221;off|desktop&#8221; locked=&#8221;off&#8221; global_colors_info=&#8221;{}&#8221; box_shadow_color__hover_enabled=&#8221;on|hover&#8221; box_shadow_color__hover=&#8221;#70C2B4&#8243; box_shadow_blur__hover_enabled=&#8221;on|hover&#8221; box_shadow_blur__hover=&#8221;20px&#8221; transform_styles__hover_enabled=&#8221;on|hover&#8221; transform_scale__hover_enabled=&#8221;on|hover&#8221; transform_translate__hover_enabled=&#8221;on|hover&#8221; transform_rotate__hover_enabled=&#8221;on|hover&#8221; transform_skew__hover_enabled=&#8221;on|hover&#8221; transform_origin__hover_enabled=&#8221;on|hover&#8221; transform_scale__hover=&#8221;105%|105%&#8221;][\/et_pb_button][\/et_pb_column][\/et_pb_row][\/et_pb_section]<\/p>\n","protected":false},"excerpt":{"rendered":"<p>D-wine A journey Through Italian taste 24 e 25 de setembroUma experi\u00eancia \u00fanica \u2014 uma viagem pelos sabores aut\u00eanticos da nossa tradi\u00e7\u00e3o. Um evento onde o vinho e a culin\u00e1ria se tornam os verdadeiros protagonistas de uma festa repleta de divers\u00e3o. A D-wine \u00e9 uma \u201cfesta do paladar\u201d: uma degusta\u00e7\u00e3o guiada com vin\u00edcolas selecionadas, acompanhada [&hellip;]<\/p>\n","protected":false},"author":1,"featured_media":0,"parent":0,"menu_order":0,"comment_status":"closed","ping_status":"closed","template":"","meta":{"_et_pb_use_builder":"on","_et_pb_old_content":"","_et_gb_content_width":"","footnotes":""},"class_list":["post-529","page","type-page","status-publish","hentry"],"yoast_head":"<!-- This site is optimized with the Yoast SEO plugin v25.5 - https:\/\/yoast.com\/wordpress\/plugins\/seo\/ -->\n<title>D-Wine - Donatoni Group Event<\/title>\n<meta name=\"robots\" content=\"index, follow, max-snippet:-1, max-image-preview:large, max-video-preview:-1\" \/>\n<link rel=\"canonical\" href=\"https:\/\/event.donatonigroup.com\/pt-pt\/\" \/>\n<meta property=\"og:locale\" content=\"pt_PT\" \/>\n<meta property=\"og:type\" content=\"article\" \/>\n<meta property=\"og:title\" content=\"D-Wine - Donatoni Group Event\" \/>\n<meta property=\"og:description\" content=\"D-wine A journey Through Italian taste 24 e 25 de setembroUma experi\u00eancia \u00fanica \u2014 uma viagem pelos sabores aut\u00eanticos da nossa tradi\u00e7\u00e3o. Um evento onde o vinho e a culin\u00e1ria se tornam os verdadeiros protagonistas de uma festa repleta de divers\u00e3o. A D-wine \u00e9 uma \u201cfesta do paladar\u201d: uma degusta\u00e7\u00e3o guiada com vin\u00edcolas selecionadas, acompanhada [&hellip;]\" \/>\n<meta property=\"og:url\" content=\"https:\/\/event.donatonigroup.com\/pt-pt\/\" \/>\n<meta property=\"og:site_name\" content=\"Donatoni Group Event\" \/>\n<meta property=\"article:modified_time\" content=\"2025-07-31T13:40:56+00:00\" \/>\n<meta name=\"twitter:card\" content=\"summary_large_image\" \/>\n<meta name=\"twitter:label1\" content=\"Tempo estimado de leitura\" \/>\n\t<meta name=\"twitter:data1\" content=\"2 minutos\" \/>\n<script type=\"application\/ld+json\" class=\"yoast-schema-graph\">{\"@context\":\"https:\/\/schema.org\",\"@graph\":[{\"@type\":\"WebPage\",\"@id\":\"https:\/\/event.donatonigroup.com\/pt-pt\/\",\"url\":\"https:\/\/event.donatonigroup.com\/pt-pt\/\",\"name\":\"D-Wine - Donatoni Group Event\",\"isPartOf\":{\"@id\":\"https:\/\/event.donatonigroup.com\/pt-pt\/#website\"},\"datePublished\":\"2025-07-23T13:08:02+00:00\",\"dateModified\":\"2025-07-31T13:40:56+00:00\",\"breadcrumb\":{\"@id\":\"https:\/\/event.donatonigroup.com\/pt-pt\/#breadcrumb\"},\"inLanguage\":\"pt-PT\",\"potentialAction\":[{\"@type\":\"ReadAction\",\"target\":[\"https:\/\/event.donatonigroup.com\/pt-pt\/\"]}]},{\"@type\":\"BreadcrumbList\",\"@id\":\"https:\/\/event.donatonigroup.com\/pt-pt\/#breadcrumb\",\"itemListElement\":[{\"@type\":\"ListItem\",\"position\":1,\"name\":\"Home\",\"item\":\"https:\/\/event.donatonigroup.com\/pt-pt\/\"},{\"@type\":\"ListItem\",\"position\":2,\"name\":\"D-Wine\"}]},{\"@type\":\"WebSite\",\"@id\":\"https:\/\/event.donatonigroup.com\/pt-pt\/#website\",\"url\":\"https:\/\/event.donatonigroup.com\/pt-pt\/\",\"name\":\"Donatoni Group Event\",\"description\":\"\",\"potentialAction\":[{\"@type\":\"SearchAction\",\"target\":{\"@type\":\"EntryPoint\",\"urlTemplate\":\"https:\/\/event.donatonigroup.com\/pt-pt\/?s={search_term_string}\"},\"query-input\":{\"@type\":\"PropertyValueSpecification\",\"valueRequired\":true,\"valueName\":\"search_term_string\"}}],\"inLanguage\":\"pt-PT\"}]}<\/script>\n<!-- \/ Yoast SEO plugin. -->","yoast_head_json":{"title":"D-Wine - Donatoni Group Event","robots":{"index":"index","follow":"follow","max-snippet":"max-snippet:-1","max-image-preview":"max-image-preview:large","max-video-preview":"max-video-preview:-1"},"canonical":"https:\/\/event.donatonigroup.com\/pt-pt\/","og_locale":"pt_PT","og_type":"article","og_title":"D-Wine - Donatoni Group Event","og_description":"D-wine A journey Through Italian taste 24 e 25 de setembroUma experi\u00eancia \u00fanica \u2014 uma viagem pelos sabores aut\u00eanticos da nossa tradi\u00e7\u00e3o. Um evento onde o vinho e a culin\u00e1ria se tornam os verdadeiros protagonistas de uma festa repleta de divers\u00e3o. A D-wine \u00e9 uma \u201cfesta do paladar\u201d: uma degusta\u00e7\u00e3o guiada com vin\u00edcolas selecionadas, acompanhada [&hellip;]","og_url":"https:\/\/event.donatonigroup.com\/pt-pt\/","og_site_name":"Donatoni Group Event","article_modified_time":"2025-07-31T13:40:56+00:00","twitter_card":"summary_large_image","twitter_misc":{"Tempo estimado de leitura":"2 minutos"},"schema":{"@context":"https:\/\/schema.org","@graph":[{"@type":"WebPage","@id":"https:\/\/event.donatonigroup.com\/pt-pt\/","url":"https:\/\/event.donatonigroup.com\/pt-pt\/","name":"D-Wine - Donatoni Group Event","isPartOf":{"@id":"https:\/\/event.donatonigroup.com\/pt-pt\/#website"},"datePublished":"2025-07-23T13:08:02+00:00","dateModified":"2025-07-31T13:40:56+00:00","breadcrumb":{"@id":"https:\/\/event.donatonigroup.com\/pt-pt\/#breadcrumb"},"inLanguage":"pt-PT","potentialAction":[{"@type":"ReadAction","target":["https:\/\/event.donatonigroup.com\/pt-pt\/"]}]},{"@type":"BreadcrumbList","@id":"https:\/\/event.donatonigroup.com\/pt-pt\/#breadcrumb","itemListElement":[{"@type":"ListItem","position":1,"name":"Home","item":"https:\/\/event.donatonigroup.com\/pt-pt\/"},{"@type":"ListItem","position":2,"name":"D-Wine"}]},{"@type":"WebSite","@id":"https:\/\/event.donatonigroup.com\/pt-pt\/#website","url":"https:\/\/event.donatonigroup.com\/pt-pt\/","name":"Donatoni Group Event","description":"","potentialAction":[{"@type":"SearchAction","target":{"@type":"EntryPoint","urlTemplate":"https:\/\/event.donatonigroup.com\/pt-pt\/?s={search_term_string}"},"query-input":{"@type":"PropertyValueSpecification","valueRequired":true,"valueName":"search_term_string"}}],"inLanguage":"pt-PT"}]}},"_links":{"self":[{"href":"https:\/\/event.donatonigroup.com\/pt-pt\/wp-json\/wp\/v2\/pages\/529","targetHints":{"allow":["GET"]}}],"collection":[{"href":"https:\/\/event.donatonigroup.com\/pt-pt\/wp-json\/wp\/v2\/pages"}],"about":[{"href":"https:\/\/event.donatonigroup.com\/pt-pt\/wp-json\/wp\/v2\/types\/page"}],"author":[{"embeddable":true,"href":"https:\/\/event.donatonigroup.com\/pt-pt\/wp-json\/wp\/v2\/users\/1"}],"replies":[{"embeddable":true,"href":"https:\/\/event.donatonigroup.com\/pt-pt\/wp-json\/wp\/v2\/comments?post=529"}],"version-history":[{"count":6,"href":"https:\/\/event.donatonigroup.com\/pt-pt\/wp-json\/wp\/v2\/pages\/529\/revisions"}],"predecessor-version":[{"id":726,"href":"https:\/\/event.donatonigroup.com\/pt-pt\/wp-json\/wp\/v2\/pages\/529\/revisions\/726"}],"wp:attachment":[{"href":"https:\/\/event.donatonigroup.com\/pt-pt\/wp-json\/wp\/v2\/media?parent=529"}],"curies":[{"name":"wp","href":"https:\/\/api.w.org\/{rel}","templated":true}]}}