{"id":663,"date":"2025-07-23T17:22:49","date_gmt":"2025-07-23T15:22:49","guid":{"rendered":"https:\/\/event.donatonigroup.com\/evento\/d-wine-25-settembre\/"},"modified":"2025-09-17T14:04:13","modified_gmt":"2025-09-17T12:04:13","slug":"d-wine-25-setembro","status":"publish","type":"product","link":"https:\/\/event.donatonigroup.com\/pt-pt\/evento\/d-wine-25-setembro\/","title":{"rendered":"D-wine | 25 Setembro"},"content":{"rendered":"<h3>25 Setembro<\/h3>\n<p>&nbsp;<\/p>\n<h1><strong>D-wine \u2013 A journey Through Italian taste<\/strong><\/h1>\n<p>As noites Dwine s\u00e3o planejadas para surpreender e envolver:<\/p>\n<ul>\n<li><strong>Degusta\u00e7\u00e3o de vinhos <\/strong>conduzida por especialistas das vin\u00edcolas<\/li>\n<li><strong>Espa\u00e7o gastron\u00f4mico<\/strong> dedicado \u00e0s melhores experi\u00eancias locais<\/li>\n<li><strong>M\u00fasica ao vivo e DJ set <\/strong>para criar a atmosfera perfeita<\/li>\n<li><strong>Coquet\u00e9is autorais<\/strong> para relaxar em boa companhia<\/li>\n<\/ul>\n<p>Uma oportunidade \u00fanica para descobrir novos r\u00f3tulos, conhecer os produtores, ser guiado por especialistas e apreciar o que h\u00e1 de melhor na tradi\u00e7\u00e3o enogastron\u00f4mica italiana.<\/p>\n<p>N\u00e3o perca a oportunidade de celebrar conosco a excel\u00eancia do nosso territ\u00f3rio!<\/p>\n<p><strong>Local: Donatoni Macchine Srl<\/strong><br \/>\nVia Napoleone 14, 37015<br \/>\nSant\u2019Ambrogio di Valpolicella (VR)<\/p>\n","protected":false},"excerpt":{"rendered":"<p>25 Setembro &nbsp; D-wine \u2013 A journey Through Italian taste As noites Dwine s\u00e3o planejadas para surpreender e envolver: Degusta\u00e7\u00e3o de vinhos conduzida por especialistas das vin\u00edcolas Espa\u00e7o gastron\u00f4mico dedicado \u00e0s melhores experi\u00eancias locais M\u00fasica ao vivo e DJ set para criar a atmosfera perfeita Coquet\u00e9is autorais para relaxar em boa companhia Uma oportunidade \u00fanica [&hellip;]<\/p>\n","protected":false},"featured_media":643,"template":"","meta":{"_et_pb_use_builder":"","_et_pb_old_content":"","_et_gb_content_width":""},"product_brand":[],"product_cat":[51],"product_tag":[],"class_list":{"0":"post-663","1":"product","2":"type-product","3":"status-publish","4":"has-post-thumbnail","6":"product_cat-sem-categoria","8":"first","9":"instock","10":"shipping-taxable","11":"purchasable","12":"product-type-ticket-event"},"yoast_head":"<!-- This site is optimized with the Yoast SEO plugin v25.5 - https:\/\/yoast.com\/wordpress\/plugins\/seo\/ -->\n<title>D-wine | 25 Setembro - Donatoni Group Event<\/title>\n<meta name=\"robots\" content=\"index, follow, max-snippet:-1, max-image-preview:large, max-video-preview:-1\" \/>\n<link rel=\"canonical\" href=\"https:\/\/event.donatonigroup.com\/pt-pt\/evento\/d-wine-25-setembro\/\" \/>\n<meta property=\"og:locale\" content=\"pt_PT\" \/>\n<meta property=\"og:type\" content=\"article\" \/>\n<meta property=\"og:title\" content=\"D-wine | 25 Setembro - Donatoni Group Event\" \/>\n<meta property=\"og:description\" content=\"25 Setembro &nbsp; D-wine \u2013 A journey Through Italian taste As noites Dwine s\u00e3o planejadas para surpreender e envolver: Degusta\u00e7\u00e3o de vinhos conduzida por especialistas das vin\u00edcolas Espa\u00e7o gastron\u00f4mico dedicado \u00e0s melhores experi\u00eancias locais M\u00fasica ao vivo e DJ set para criar a atmosfera perfeita Coquet\u00e9is autorais para relaxar em boa companhia Uma oportunidade \u00fanica [&hellip;]\" \/>\n<meta property=\"og:url\" content=\"https:\/\/event.donatonigroup.com\/pt-pt\/evento\/d-wine-25-setembro\/\" \/>\n<meta property=\"og:site_name\" content=\"Donatoni Group Event\" \/>\n<meta property=\"article:modified_time\" content=\"2025-09-17T12:04:13+00:00\" \/>\n<meta name=\"twitter:card\" content=\"summary_large_image\" \/>\n<meta name=\"twitter:label1\" content=\"Tempo estimado de leitura\" \/>\n\t<meta name=\"twitter:data1\" content=\"1 minuto\" \/>\n<script type=\"application\/ld+json\" class=\"yoast-schema-graph\">{\"@context\":\"https:\/\/schema.org\",\"@graph\":[{\"@type\":\"WebPage\",\"@id\":\"https:\/\/event.donatonigroup.com\/pt-pt\/evento\/d-wine-25-setembro\/\",\"url\":\"https:\/\/event.donatonigroup.com\/pt-pt\/evento\/d-wine-25-setembro\/\",\"name\":\"D-wine | 25 Setembro - Donatoni Group Event\",\"isPartOf\":{\"@id\":\"https:\/\/event.donatonigroup.com\/pt-pt\/#website\"},\"primaryImageOfPage\":{\"@id\":\"https:\/\/event.donatonigroup.com\/pt-pt\/evento\/d-wine-25-setembro\/#primaryimage\"},\"image\":{\"@id\":\"https:\/\/event.donatonigroup.com\/pt-pt\/evento\/d-wine-25-setembro\/#primaryimage\"},\"thumbnailUrl\":\"https:\/\/event.donatonigroup.com\/wp-content\/uploads\/2025\/07\/Homepage_Dwine_orizzontale.svg\",\"datePublished\":\"2025-07-23T15:22:49+00:00\",\"dateModified\":\"2025-09-17T12:04:13+00:00\",\"breadcrumb\":{\"@id\":\"https:\/\/event.donatonigroup.com\/pt-pt\/evento\/d-wine-25-setembro\/#breadcrumb\"},\"inLanguage\":\"pt-PT\",\"potentialAction\":[{\"@type\":\"ReadAction\",\"target\":[\"https:\/\/event.donatonigroup.com\/pt-pt\/evento\/d-wine-25-setembro\/\"]}]},{\"@type\":\"ImageObject\",\"inLanguage\":\"pt-PT\",\"@id\":\"https:\/\/event.donatonigroup.com\/pt-pt\/evento\/d-wine-25-setembro\/#primaryimage\",\"url\":\"https:\/\/event.donatonigroup.com\/wp-content\/uploads\/2025\/07\/Homepage_Dwine_orizzontale.svg\",\"contentUrl\":\"https:\/\/event.donatonigroup.com\/wp-content\/uploads\/2025\/07\/Homepage_Dwine_orizzontale.svg\",\"width\":1920,\"height\":1080},{\"@type\":\"BreadcrumbList\",\"@id\":\"https:\/\/event.donatonigroup.com\/pt-pt\/evento\/d-wine-25-setembro\/#breadcrumb\",\"itemListElement\":[{\"@type\":\"ListItem\",\"position\":1,\"name\":\"Home\",\"item\":\"https:\/\/event.donatonigroup.com\/pt-pt\/\"},{\"@type\":\"ListItem\",\"position\":2,\"name\":\"Reserve o seu bilhete\",\"item\":\"https:\/\/event.donatonigroup.com\/prenota-biglietto\/\"},{\"@type\":\"ListItem\",\"position\":3,\"name\":\"D-wine | 25 Setembro\"}]},{\"@type\":\"WebSite\",\"@id\":\"https:\/\/event.donatonigroup.com\/pt-pt\/#website\",\"url\":\"https:\/\/event.donatonigroup.com\/pt-pt\/\",\"name\":\"Donatoni Group Event\",\"description\":\"\",\"potentialAction\":[{\"@type\":\"SearchAction\",\"target\":{\"@type\":\"EntryPoint\",\"urlTemplate\":\"https:\/\/event.donatonigroup.com\/pt-pt\/?s={search_term_string}\"},\"query-input\":{\"@type\":\"PropertyValueSpecification\",\"valueRequired\":true,\"valueName\":\"search_term_string\"}}],\"inLanguage\":\"pt-PT\"}]}<\/script>\n<!-- \/ Yoast SEO plugin. -->","yoast_head_json":{"title":"D-wine | 25 Setembro - Donatoni Group Event","robots":{"index":"index","follow":"follow","max-snippet":"max-snippet:-1","max-image-preview":"max-image-preview:large","max-video-preview":"max-video-preview:-1"},"canonical":"https:\/\/event.donatonigroup.com\/pt-pt\/evento\/d-wine-25-setembro\/","og_locale":"pt_PT","og_type":"article","og_title":"D-wine | 25 Setembro - Donatoni Group Event","og_description":"25 Setembro &nbsp; D-wine \u2013 A journey Through Italian taste As noites Dwine s\u00e3o planejadas para surpreender e envolver: Degusta\u00e7\u00e3o de vinhos conduzida por especialistas das vin\u00edcolas Espa\u00e7o gastron\u00f4mico dedicado \u00e0s melhores experi\u00eancias locais M\u00fasica ao vivo e DJ set para criar a atmosfera perfeita Coquet\u00e9is autorais para relaxar em boa companhia Uma oportunidade \u00fanica [&hellip;]","og_url":"https:\/\/event.donatonigroup.com\/pt-pt\/evento\/d-wine-25-setembro\/","og_site_name":"Donatoni Group Event","article_modified_time":"2025-09-17T12:04:13+00:00","twitter_card":"summary_large_image","twitter_misc":{"Tempo estimado de leitura":"1 minuto"},"schema":{"@context":"https:\/\/schema.org","@graph":[{"@type":"WebPage","@id":"https:\/\/event.donatonigroup.com\/pt-pt\/evento\/d-wine-25-setembro\/","url":"https:\/\/event.donatonigroup.com\/pt-pt\/evento\/d-wine-25-setembro\/","name":"D-wine | 25 Setembro - Donatoni Group Event","isPartOf":{"@id":"https:\/\/event.donatonigroup.com\/pt-pt\/#website"},"primaryImageOfPage":{"@id":"https:\/\/event.donatonigroup.com\/pt-pt\/evento\/d-wine-25-setembro\/#primaryimage"},"image":{"@id":"https:\/\/event.donatonigroup.com\/pt-pt\/evento\/d-wine-25-setembro\/#primaryimage"},"thumbnailUrl":"https:\/\/event.donatonigroup.com\/wp-content\/uploads\/2025\/07\/Homepage_Dwine_orizzontale.svg","datePublished":"2025-07-23T15:22:49+00:00","dateModified":"2025-09-17T12:04:13+00:00","breadcrumb":{"@id":"https:\/\/event.donatonigroup.com\/pt-pt\/evento\/d-wine-25-setembro\/#breadcrumb"},"inLanguage":"pt-PT","potentialAction":[{"@type":"ReadAction","target":["https:\/\/event.donatonigroup.com\/pt-pt\/evento\/d-wine-25-setembro\/"]}]},{"@type":"ImageObject","inLanguage":"pt-PT","@id":"https:\/\/event.donatonigroup.com\/pt-pt\/evento\/d-wine-25-setembro\/#primaryimage","url":"https:\/\/event.donatonigroup.com\/wp-content\/uploads\/2025\/07\/Homepage_Dwine_orizzontale.svg","contentUrl":"https:\/\/event.donatonigroup.com\/wp-content\/uploads\/2025\/07\/Homepage_Dwine_orizzontale.svg","width":1920,"height":1080},{"@type":"BreadcrumbList","@id":"https:\/\/event.donatonigroup.com\/pt-pt\/evento\/d-wine-25-setembro\/#breadcrumb","itemListElement":[{"@type":"ListItem","position":1,"name":"Home","item":"https:\/\/event.donatonigroup.com\/pt-pt\/"},{"@type":"ListItem","position":2,"name":"Reserve o seu bilhete","item":"https:\/\/event.donatonigroup.com\/prenota-biglietto\/"},{"@type":"ListItem","position":3,"name":"D-wine | 25 Setembro"}]},{"@type":"WebSite","@id":"https:\/\/event.donatonigroup.com\/pt-pt\/#website","url":"https:\/\/event.donatonigroup.com\/pt-pt\/","name":"Donatoni Group Event","description":"","potentialAction":[{"@type":"SearchAction","target":{"@type":"EntryPoint","urlTemplate":"https:\/\/event.donatonigroup.com\/pt-pt\/?s={search_term_string}"},"query-input":{"@type":"PropertyValueSpecification","valueRequired":true,"valueName":"search_term_string"}}],"inLanguage":"pt-PT"}]}},"_links":{"self":[{"href":"https:\/\/event.donatonigroup.com\/pt-pt\/wp-json\/wp\/v2\/product\/663","targetHints":{"allow":["GET"]}}],"collection":[{"href":"https:\/\/event.donatonigroup.com\/pt-pt\/wp-json\/wp\/v2\/product"}],"about":[{"href":"https:\/\/event.donatonigroup.com\/pt-pt\/wp-json\/wp\/v2\/types\/product"}],"wp:featuredmedia":[{"embeddable":true,"href":"https:\/\/event.donatonigroup.com\/pt-pt\/wp-json\/wp\/v2\/media\/643"}],"wp:attachment":[{"href":"https:\/\/event.donatonigroup.com\/pt-pt\/wp-json\/wp\/v2\/media?parent=663"}],"wp:term":[{"taxonomy":"product_brand","embeddable":true,"href":"https:\/\/event.donatonigroup.com\/pt-pt\/wp-json\/wp\/v2\/product_brand?post=663"},{"taxonomy":"product_cat","embeddable":true,"href":"https:\/\/event.donatonigroup.com\/pt-pt\/wp-json\/wp\/v2\/product_cat?post=663"},{"taxonomy":"product_tag","embeddable":true,"href":"https:\/\/event.donatonigroup.com\/pt-pt\/wp-json\/wp\/v2\/product_tag?post=663"}],"curies":[{"name":"wp","href":"https:\/\/api.w.org\/{rel}","templated":true}]}}